{"id":28561,"date":"2025-02-24T09:14:56","date_gmt":"2025-02-24T01:14:56","guid":{"rendered":"https:\/\/maquinaparafabricarbolsas.com.pa\/es\/?post_type=product&#038;p=28561"},"modified":"2025-07-17T01:10:16","modified_gmt":"2025-07-16T17:10:16","slug":"automatico-maquina-bolsas-plasticos-4-lineas","status":"publish","type":"product","link":"https:\/\/maquinaparafabricarbolsas.com.pa\/es\/automaico-maquina-bolsas-plasticos-4-lineas-mexico-puebla-guadalajara-arandas-monterrey.html","title":{"rendered":"Autom\u00e1tico M\u00e1quina Bolsas Plasticos 4 l\u00edneas"},"content":{"rendered":"<p><strong><span data-scayt_word=\"M\u00e1quina\" data-scaytid=\"68\"><span data-scayt_word=\"M\u00e1quina\" data-scaytid=\"84\">M\u00e1quina<\/span><\/span>\u00a0<span data-scayt_word=\"para\" data-scaytid=\"9\">para<\/span>\u00a0<span data-scayt_word=\"fabricar\" data-scaytid=\"10\">fabricar<\/span>\u00a0<span data-scayt_word=\"bolsas\" data-scaytid=\"11\">bolsas<\/span>\u00a0<span data-scayt_word=\"camiseta\" data-scaytid=\"12\">camiseta<\/span>\u00a0de 4\u00a0<span data-scayt_word=\"l\u00edneas\" data-scaytid=\"169\">l\u00edneas<\/span><\/strong><\/p>\n<p><strong><span data-scayt_word=\"Modelo\" data-scaytid=\"14\">Modelo<\/span>\u00a0<span data-scayt_word=\"Serie\" data-scaytid=\"15\">Serie<\/span>\u00a0<span data-scayt_word=\"SHXJ-C\" data-scaytid=\"16\">SHXJ-C<\/span><\/strong><br \/>\n<span style=\"font-family: Verdana, Arial, Helvetica, sans-serif;\">\u00a0<\/span><strong><span data-scayt_word=\"Especificaciones\" data-scaytid=\"17\">Especificaciones<\/span>\u00a0<span data-scayt_word=\"t\u00e9cnicas\" data-scaytid=\"18\">t\u00e9cnicas<\/span>\u00a0de la\u00a0<span data-scayt_word=\"m\u00e1quina\" data-scaytid=\"37\">m\u00e1quina<\/span>\u00a0<span data-scayt_word=\"para\" data-scaytid=\"30\">para<\/span>\u00a0<span data-scayt_word=\"fabricar\" data-scaytid=\"31\">fabricar<\/span>\u00a0<span data-scayt_word=\"bolsascamisetas\" data-scaytid=\"40\">bolsascamisetas<\/span>\u00a0de 4\u00a0<span data-scayt_word=\"l\u00edneas\" data-scaytid=\"32\">l\u00edneas<\/span><\/strong><\/p>\n<table border=\"0\" cellspacing=\"1\" cellpadding=\"0\">\n<tbody>\n<tr>\n<td><strong><span data-scayt_word=\"Modelo\" data-scaytid=\"33\">Modelo<\/span><\/strong><\/td>\n<td><strong><span data-scayt_word=\"SHXJ-C600\" data-scaytid=\"34\">SHXJ-C600<\/span><\/strong><\/td>\n<td><strong><span data-scayt_word=\"SHXJ-C\" data-scaytid=\"35\">SHXJ-C<\/span>\u00a0700<\/strong><\/td>\n<td><strong><span data-scayt_word=\"SHXJ-C800\" data-scaytid=\"36\">SHXJ-C800<\/span><\/strong><\/td>\n<\/tr>\n<tr>\n<td><span data-scayt_word=\"Ancho\" data-scaytid=\"62\">Ancho<\/span>\u00a0de\u00a0<span data-scayt_word=\"sellado\" data-scaytid=\"63\">sellado<\/span>\u00a0y\u00a0<span data-scayt_word=\"corte\" data-scaytid=\"65\">corte<\/span>\u00a0(mm )<\/td>\n<td>580<\/td>\n<td>680<\/td>\n<td>780<\/td>\n<\/tr>\n<tr>\n<td><span data-scayt_word=\"Longitud\" data-scaytid=\"67\">Longitud<\/span>\u00a0de\u00a0<span data-scayt_word=\"sellado\" data-scaytid=\"64\">sellado<\/span>\u00a0y\u00a0<span data-scayt_word=\"corte\" data-scaytid=\"66\">corte<\/span>(mm )<\/td>\n<td>1200<\/td>\n<td>1200<\/td>\n<td>1200<\/td>\n<\/tr>\n<tr>\n<td><span data-scayt_word=\"Velocidad\" data-scaytid=\"86\">Velocidad<\/span>\u00a0de\u00a0<span data-scayt_word=\"fabricaci\u00f3n\" data-scaytid=\"87\">fabricaci\u00f3n<\/span>\u00a0<span data-scayt_word=\"debolsa\" data-scaytid=\"88\">debolsa<\/span>\u00a0(pc \/min )<\/td>\n<td>400<\/td>\n<td>400<\/td>\n<td>400<\/td>\n<\/tr>\n<tr>\n<td><span data-scayt_word=\"N\u00famero\" data-scaytid=\"89\">N\u00famero<\/span>\u00a0de\u00a0<span data-scayt_word=\"tiras\" data-scaytid=\"90\">tiras<\/span>\u00a0(pc )<\/td>\n<td>4<\/td>\n<td>4<\/td>\n<td>4<\/td>\n<\/tr>\n<tr>\n<td><span data-scayt_word=\"Potencia\" data-scaytid=\"91\">Potencia<\/span>\u00a0del motor (<span data-scayt_word=\"kw\" data-scaytid=\"85\">kw<\/span>\u00a0)<\/td>\n<td>2.2<\/td>\n<td>3<\/td>\n<td>3<\/td>\n<\/tr>\n<tr>\n<td>Peso (kg )<\/td>\n<td>1200<\/td>\n<td>1400<\/td>\n<td>1600<\/td>\n<\/tr>\n<tr>\n<td><span data-scayt_word=\"Dimensi\u00f3n\" data-scaytid=\"93\">Dimensi\u00f3n<\/span>\u00a0del\u00a0<span data-scayt_word=\"contorno\" data-scaytid=\"94\">contorno<\/span>(L*A*A)mm<\/td>\n<td>6000\u00d71200\u00d71700<\/td>\n<td>6000\u00d71300\u00d71850<\/td>\n<td>3600\u00d71500\u00d71950<\/td>\n<\/tr>\n<\/tbody>\n<\/table>\n","protected":false},"excerpt":{"rendered":"<p>M\u00e1quina\u00a0para\u00a0fabrica<\/p>\n","protected":false},"featured_media":28562,"comment_status":"closed","ping_status":"closed","template":"","meta":{"_acf_changed":false},"product_brand":[],"product_cat":[86],"product_tag":[],"class_list":{"0":"post-28561","1":"product","2":"type-product","3":"status-publish","4":"has-post-thumbnail","6":"product_cat-maquina-para-hacer-bolsas","8":"first","9":"instock","10":"shipping-taxable","11":"product-type-simple"},"acf":[],"_links":{"self":[{"href":"https:\/\/maquinaparafabricarbolsas.com.pa\/es\/wp-json\/wp\/v2\/product\/28561","targetHints":{"allow":["GET"]}}],"collection":[{"href":"https:\/\/maquinaparafabricarbolsas.com.pa\/es\/wp-json\/wp\/v2\/product"}],"about":[{"href":"https:\/\/maquinaparafabricarbolsas.com.pa\/es\/wp-json\/wp\/v2\/types\/product"}],"replies":[{"embeddable":true,"href":"https:\/\/maquinaparafabricarbolsas.com.pa\/es\/wp-json\/wp\/v2\/comments?post=28561"}],"version-history":[{"count":0,"href":"https:\/\/maquinaparafabricarbolsas.com.pa\/es\/wp-json\/wp\/v2\/product\/28561\/revisions"}],"wp:featuredmedia":[{"embeddable":true,"href":"https:\/\/maquinaparafabricarbolsas.com.pa\/es\/wp-json\/wp\/v2\/media\/28562"}],"wp:attachment":[{"href":"https:\/\/maquinaparafabricarbolsas.com.pa\/es\/wp-json\/wp\/v2\/media?parent=28561"}],"wp:term":[{"taxonomy":"product_brand","embeddable":true,"href":"https:\/\/maquinaparafabricarbolsas.com.pa\/es\/wp-json\/wp\/v2\/product_brand?post=28561"},{"taxonomy":"product_cat","embeddable":true,"href":"https:\/\/maquinaparafabricarbolsas.com.pa\/es\/wp-json\/wp\/v2\/product_cat?post=28561"},{"taxonomy":"product_tag","embeddable":true,"href":"https:\/\/maquinaparafabricarbolsas.com.pa\/es\/wp-json\/wp\/v2\/product_tag?post=28561"}],"curies":[{"name":"wp","href":"https:\/\/api.w.org\/{rel}","templated":true}]}}