{"id":28625,"date":"2025-02-24T10:29:59","date_gmt":"2025-02-24T02:29:59","guid":{"rendered":"https:\/\/maquinaparafabricarbolsas.com.pa\/es\/?post_type=product&#038;p=28625"},"modified":"2025-02-24T10:30:11","modified_gmt":"2025-02-24T02:30:11","slug":"linea-de-impresion-de-pelicula-soplada","status":"publish","type":"product","link":"https:\/\/maquinaparafabricarbolsas.com.pa\/es\/linea-de-impresion-film-mexico-puebla-guadalajara-arandas-monterrey.html","title":{"rendered":"l\u00ednea de impresi\u00f3n de pel\u00edcula soplada"},"content":{"rendered":"<p><strong><span data-scayt_word=\"Especificaciones\" data-scaytid=\"162\">Especificaciones<\/span>\u00a0<span data-scayt_word=\"t\u00e9cnicas\" data-scaytid=\"49\">t\u00e9cnicas<\/span>\u00a0de la\u00a0<span data-scayt_word=\"l\u00ednea\" data-scaytid=\"50\">l\u00ednea<\/span>\u00a0de\u00a0<span data-scayt_word=\"impresi\u00f3n\" data-scaytid=\"51\">impresi\u00f3n<\/span>\u00a0de\u00a0<span data-scayt_word=\"pel\u00edcula\" data-scaytid=\"52\">pel\u00edcula<\/span>\u00a0<span data-scayt_word=\"soplada\" data-scaytid=\"53\">soplada<\/span><\/strong><\/p>\n<table border=\"0\" cellspacing=\"1\" cellpadding=\"0\">\n<tbody>\n<tr>\n<td><strong><span data-scayt_word=\"Modelo\" data-scaytid=\"54\">Modelo<\/span><\/strong><\/td>\n<td><strong><span data-scayt_word=\"SJ50-YT2600\" data-scaytid=\"55\">SJ50-YT2600<\/span><\/strong><\/td>\n<td><strong><span data-scayt_word=\"SJ50-YT2800\" data-scaytid=\"56\">SJ50-YT2800<\/span><\/strong><\/td>\n<td><strong><span data-scayt_word=\"SJ50-YT21000\" data-scaytid=\"66\">SJ50-YT21000<\/span><\/strong><\/td>\n<\/tr>\n<tr>\n<td><span data-scayt_word=\"Materiales\" data-scaytid=\"67\">Materiales<\/span>\u00a0<span data-scayt_word=\"aplicables\" data-scaytid=\"68\">aplicables<\/span><\/td>\n<td>LDPE.HDPE.\u00a0<span data-scayt_word=\"LLDPE\" data-scaytid=\"69\">LLDPE<\/span><\/td>\n<td><span data-scayt_word=\"LDPE\" data-scaytid=\"72\">LDPE<\/span>.\u00a0<span data-scayt_word=\"HDPE\" data-scaytid=\"74\">HDPE<\/span>\u00a0.\u00a0<span data-scayt_word=\"LLDPE\" data-scaytid=\"70\">LLDPE<\/span><\/td>\n<td><span data-scayt_word=\"LDPE\" data-scaytid=\"73\">LDPE<\/span>.\u00a0<span data-scayt_word=\"HDPE\" data-scaytid=\"75\">HDPE<\/span>\u00a0.\u00a0<span data-scayt_word=\"LLDPE\" data-scaytid=\"71\">LLDPE<\/span><\/td>\n<\/tr>\n<tr>\n<td><span data-scayt_word=\"Tornillo\" data-scaytid=\"76\">Tornillo<\/span>\u00a0DIA<\/td>\n<td>50mm<\/td>\n<td>55m<\/td>\n<td>65mm<\/td>\n<\/tr>\n<tr>\n<td>Ratio\u00a0deltornillo\u00a0L\/D<\/td>\n<td>28:1<\/td>\n<td>28:1<\/td>\n<td>28:1<\/td>\n<\/tr>\n<tr>\n<td>Potencia\u00a0del motor de\u00a0pel\u00edculasoplada<\/td>\n<td>11Kw<\/td>\n<td>15Kw<\/td>\n<td>18.5Kw<\/td>\n<\/tr>\n<tr>\n<td><span data-scayt_word=\"M\u00e1x\" data-scaytid=\"106\">M\u00e1x<\/span>.\u00a0<span data-scayt_word=\"cantidad\" data-scaytid=\"107\">cantidad<\/span>\u00a0de\u00a0<span data-scayt_word=\"extrusi\u00f3n\" data-scaytid=\"108\">extrusi\u00f3n<\/span><\/td>\n<td><span data-scayt_word=\"35kg\" data-scaytid=\"92\">35kg<\/span>\/h<\/td>\n<td><span data-scayt_word=\"50Kg\" data-scaytid=\"93\">50Kg<\/span>\/h<\/td>\n<td><span data-scayt_word=\"65Kg\" data-scaytid=\"94\">65Kg<\/span>\/h<\/td>\n<\/tr>\n<tr>\n<td><span data-scayt_word=\"Ancho\" data-scaytid=\"112\">Ancho<\/span>\u00a0de la\u00a0<span data-scayt_word=\"pel\u00edcula\" data-scaytid=\"95\">pel\u00edcula<\/span>\u00a0<span data-scayt_word=\"soplada\" data-scaytid=\"96\">soplada<\/span><\/td>\n<td><span data-scayt_word=\"600mm\" data-scaytid=\"97\">600mm<\/span><\/td>\n<td><span data-scayt_word=\"800mm\" data-scaytid=\"98\">800mm<\/span><\/td>\n<td><span data-scayt_word=\"1000mm\" data-scaytid=\"117\">1000mm<\/span><\/td>\n<\/tr>\n<tr>\n<td><span data-scayt_word=\"Grosor\" data-scaytid=\"134\">Grosor<\/span>\u00a0de la\u00a0<span data-scayt_word=\"pel\u00edcula\" data-scaytid=\"118\">pel\u00edcula<\/span>\u00a0<span data-scayt_word=\"soplada\" data-scaytid=\"119\">soplada<\/span><\/td>\n<td>0.01-0.10mm<\/td>\n<td>0.01-0.10mm<\/td>\n<td>0.01-0.10mm<\/td>\n<\/tr>\n<tr>\n<td><span data-scayt_word=\"Rango\" data-scaytid=\"137\">Rango<\/span>\u00a0de\u00a0<span data-scayt_word=\"longitud\" data-scaytid=\"138\">longitud<\/span>\u00a0de la\u00a0impresi\u00f3n<\/td>\n<td>191-999mm<\/td>\n<td>191-999mm<\/td>\n<td>191-999mm<\/td>\n<\/tr>\n<tr>\n<td>Ancho\u00a0de la\u00a0impresi\u00f3n<\/td>\n<td>600mm<\/td>\n<td>800mm<\/td>\n<td>1000mm<\/td>\n<\/tr>\n<tr>\n<td>Potencia\u00a0total<\/td>\n<td>28Kw<\/td>\n<td>32Kw<\/td>\n<td>40kw<\/td>\n<\/tr>\n<tr>\n<td>Peso de la\u00a0<span data-scayt_word=\"maquinar\u00eda\" data-scaytid=\"154\">maquinar\u00eda<\/span><\/td>\n<td>3.5T<\/td>\n<td><span data-scayt_word=\"4T\" data-scaytid=\"152\">4T<\/span><\/td>\n<td><span data-scayt_word=\"5T\" data-scaytid=\"153\">5T<\/span><\/td>\n<\/tr>\n<tr>\n<td><span data-scayt_word=\"Dimensi\u00f3n\" data-scaytid=\"158\">Dimensi\u00f3n<\/span>\u00a0de la\u00a0<span data-scayt_word=\"maquinar\u00eda\" data-scaytid=\"155\">maquinar\u00eda<\/span><\/td>\n<td>6000 x 2400 x\u00a0<span data-scayt_word=\"4000mm\" data-scaytid=\"159\">4000mm<\/span><\/td>\n<td>6200 x 2600 x\u00a0<span data-scayt_word=\"4300mm\" data-scaytid=\"160\">4300mm<\/span><\/td>\n<td>6400 x 2800 x\u00a0<span data-scayt_word=\"4800mm\" data-scaytid=\"161\">4800mm<\/span><\/td>\n<\/tr>\n<\/tbody>\n<\/table>\n","protected":false},"excerpt":{"rendered":"<p>Especificaciones\u00a0t\u00e9c<\/p>\n","protected":false},"featured_media":28626,"comment_status":"closed","ping_status":"closed","template":"","meta":{"_acf_changed":false},"product_brand":[],"product_cat":[85],"product_tag":[],"class_list":{"0":"post-28625","1":"product","2":"type-product","3":"status-publish","4":"has-post-thumbnail","6":"product_cat-extrusora-de-pelicula-tubular","8":"first","9":"instock","10":"shipping-taxable","11":"product-type-simple"},"acf":[],"_links":{"self":[{"href":"https:\/\/maquinaparafabricarbolsas.com.pa\/es\/wp-json\/wp\/v2\/product\/28625","targetHints":{"allow":["GET"]}}],"collection":[{"href":"https:\/\/maquinaparafabricarbolsas.com.pa\/es\/wp-json\/wp\/v2\/product"}],"about":[{"href":"https:\/\/maquinaparafabricarbolsas.com.pa\/es\/wp-json\/wp\/v2\/types\/product"}],"replies":[{"embeddable":true,"href":"https:\/\/maquinaparafabricarbolsas.com.pa\/es\/wp-json\/wp\/v2\/comments?post=28625"}],"version-history":[{"count":0,"href":"https:\/\/maquinaparafabricarbolsas.com.pa\/es\/wp-json\/wp\/v2\/product\/28625\/revisions"}],"wp:featuredmedia":[{"embeddable":true,"href":"https:\/\/maquinaparafabricarbolsas.com.pa\/es\/wp-json\/wp\/v2\/media\/28626"}],"wp:attachment":[{"href":"https:\/\/maquinaparafabricarbolsas.com.pa\/es\/wp-json\/wp\/v2\/media?parent=28625"}],"wp:term":[{"taxonomy":"product_brand","embeddable":true,"href":"https:\/\/maquinaparafabricarbolsas.com.pa\/es\/wp-json\/wp\/v2\/product_brand?post=28625"},{"taxonomy":"product_cat","embeddable":true,"href":"https:\/\/maquinaparafabricarbolsas.com.pa\/es\/wp-json\/wp\/v2\/product_cat?post=28625"},{"taxonomy":"product_tag","embeddable":true,"href":"https:\/\/maquinaparafabricarbolsas.com.pa\/es\/wp-json\/wp\/v2\/product_tag?post=28625"}],"curies":[{"name":"wp","href":"https:\/\/api.w.org\/{rel}","templated":true}]}}