{"id":28632,"date":"2025-02-24T10:35:51","date_gmt":"2025-02-24T02:35:51","guid":{"rendered":"https:\/\/maquinaparafabricarbolsas.com.pa\/es\/?post_type=product&#038;p=28632"},"modified":"2025-02-24T10:36:26","modified_gmt":"2025-02-24T02:36:26","slug":"maquina-de-pelicula-soplada-pe-de-cabezal-rotatorio","status":"publish","type":"product","link":"https:\/\/maquinaparafabricarbolsas.com.pa\/es\/extrusora-maquina-fabricar-film-polietileno.html","title":{"rendered":"M\u00e1quina de pel\u00edcula soplada PE de cabezal rotatorio"},"content":{"rendered":"<p><span data-scayt_word=\"M\u00e1quina\" data-scaytid=\"1\">M\u00e1quina<\/span> de <span data-scayt_word=\"pel\u00edcula\" data-scaytid=\"2\">pel\u00edcula<\/span> <span data-scayt_word=\"soplada\" data-scaytid=\"4\">soplada<\/span> PE de <span data-scayt_word=\"cabezal\" data-scaytid=\"6\">cabezal<\/span> <span data-scayt_word=\"rotatorio\" data-scaytid=\"8\">rotatorio<\/span>\u00a0\u00a0<strong><span data-scayt_word=\"SJ-B50\" data-scaytid=\"10\">SJ-B50<\/span>, 55, 65, 65-1<\/strong><br \/>\n<strong><span data-scayt_word=\"Caracter\u00edsticas\" data-scaytid=\"11\">Caracter\u00edsticas<\/span>\u00a0<\/strong><br \/>\nEl motor principal de la <span data-scayt_word=\"maquina\" data-scaytid=\"12\">maquina<\/span> de <span data-scayt_word=\"pel\u00edcula\" data-scaytid=\"3\">pel\u00edcula<\/span> <span data-scayt_word=\"soplada\" data-scaytid=\"5\">soplada<\/span> PE de <span data-scayt_word=\"cabezal\" data-scaytid=\"7\">cabezal<\/span> <span data-scayt_word=\"rotatorio\" data-scaytid=\"9\">rotatorio<\/span> <span data-scayt_word=\"utiliza\" data-scaytid=\"13\">utiliza<\/span> un control de <span data-scayt_word=\"frecuencia\" data-scaytid=\"14\">frecuencia<\/span>\u00a0<span data-scayt_word=\"parala\" data-scaytid=\"16\">para<span style=\"padding: 0px; margin: 0px; text-align: center;\">la<\/span><\/span> <span data-scayt_word=\"velocidad\" data-scaytid=\"17\">velocidad<\/span> del motor <span data-scayt_word=\"as\u00ed\" data-scaytid=\"19\">as\u00ed<\/span> <span data-scayt_word=\"mejorando\" data-scaytid=\"20\">mejorando<\/span> la <span data-scayt_word=\"estabilidad\" data-scaytid=\"21\">estabilidad<\/span> y <span data-scayt_word=\"regularidad\" data-scaytid=\"22\">regularidad<\/span> de la <span data-scayt_word=\"velocidad\" data-scaytid=\"18\">velocidad<\/span> del motor principal\u00a0<span data-scayt_word=\"ahorrando\" data-scaytid=\"23\">ahorrando<\/span> un 30% de <span data-scayt_word=\"electricidad\" data-scaytid=\"26\">electricidad<\/span>. El <span data-scayt_word=\"tornillo\" data-scaytid=\"27\">tornillo<\/span> y el <span data-scayt_word=\"barril\" data-scaytid=\"28\">barril<\/span> del material <span data-scayt_word=\"utiliza\" data-scaytid=\"15\">utiliza<\/span> <span data-scayt_word=\"aluminio\" data-scaytid=\"30\">aluminio<\/span> <span data-scayt_word=\"molibdeno\" data-scaytid=\"31\">molibdeno<\/span> de color 30\u00a0el <span data-scayt_word=\"cual\" data-scaytid=\"32\">cual<\/span> <span data-scayt_word=\"es\" data-scaytid=\"33\">es<\/span> <span data-scayt_word=\"tratado\" data-scaytid=\"34\">tratado<\/span> con <span data-scayt_word=\"nitr\u00f3geno\" data-scaytid=\"35\">nitr\u00f3geno<\/span> y el <span data-scayt_word=\"marco\" data-scaytid=\"36\">marco<\/span> de <span data-scayt_word=\"tracci\u00f3n\" data-scaytid=\"37\">tracci\u00f3n<\/span> <span data-scayt_word=\"utiliza\" data-scaytid=\"25\">utiliza<\/span> el <span data-scayt_word=\"tipo\" data-scaytid=\"39\">tipo<\/span> <span data-scayt_word=\"elevador\" data-scaytid=\"40\">elevador<\/span>. Sin <span data-scayt_word=\"importar\" data-scaytid=\"41\">importar<\/span> el <span data-scayt_word=\"tama\u00f1o\" data-scaytid=\"42\">tama\u00f1o<\/span> de la\u00a0<span data-scayt_word=\"pel\u00edcula\" data-scaytid=\"43\">pel\u00edcula<\/span>, <span data-scayt_word=\"grande\" data-scaytid=\"59\">grande<\/span> o <span data-scayt_word=\"peque\u00f1a\" data-scaytid=\"60\">peque\u00f1a<\/span>, <span data-scayt_word=\"puede\" data-scaytid=\"61\">puede<\/span> <span data-scayt_word=\"alcanzar\" data-scaytid=\"62\">alcanzar<\/span> el <span data-scayt_word=\"efecto\" data-scaytid=\"63\">efecto<\/span> de <span data-scayt_word=\"refrigeraci\u00f3n\" data-scaytid=\"64\">refrigeraci\u00f3n<\/span>.<\/p>\n<p><span data-scayt_word=\"Aplicaciones\" data-scaytid=\"65\">Aplicaciones<\/span><br \/>\nLa <span data-scayt_word=\"m\u00e1quina\" data-scaytid=\"66\">m\u00e1quina<\/span> de <span data-scayt_word=\"pel\u00edcula\" data-scaytid=\"44\">pel\u00edcula<\/span> <span data-scayt_word=\"soplada\" data-scaytid=\"45\">soplada<\/span> PE de <span data-scayt_word=\"cabezal\" data-scaytid=\"46\">cabezal<\/span> <span data-scayt_word=\"rotatorio\" data-scaytid=\"47\">rotatorio<\/span> se <span data-scayt_word=\"utiliza\" data-scaytid=\"48\">utiliza<\/span> <span data-scayt_word=\"para\" data-scaytid=\"71\">para<\/span> <span data-scayt_word=\"polietileno\" data-scaytid=\"72\">polietileno<\/span> <span data-scayt_word=\"soplado\" data-scaytid=\"73\">soplado<\/span> de <span data-scayt_word=\"alta\" data-scaytid=\"74\">alta<\/span> y <span data-scayt_word=\"baja\" data-scaytid=\"75\">baja<\/span> <span data-scayt_word=\"presi\u00f3n\" data-scaytid=\"76\">presi\u00f3n<\/span>,\u00a0el <span data-scayt_word=\"cual\" data-scaytid=\"55\">cual<\/span> <span data-scayt_word=\"es\" data-scaytid=\"56\">es<\/span> utilizado <span data-scayt_word=\"para\" data-scaytid=\"79\">para<\/span> producir pel\u00edculas laminadas, pel\u00edculas de embalaje, pel\u00edculas de cobertura agr\u00edcola,\u00a0bolsa o pel\u00edcula para textiles y ropa junto con otros materiales de embalaje.<\/p>\n<p><strong>Equipo opcional\u00a0<\/strong><br \/>\n1) Cargador autom\u00e1tico<br \/>\n2) Cilindros de gofrado<br \/>\n3) Probador de la superficie de la pel\u00edcula<br \/>\n4)Dispositivo de la matriz rotatoria<br \/>\n5) Comprensor de aire<br \/>\n6) Cambiador de filtros con manija mecanica<br \/>\n7) Arriba y abajo<br \/>\n<strong>Especificaciones t\u00e9cnicas de la m\u00e1quina de pel\u00edcula soplada PE de cabezal rotatorio<\/strong><\/p>\n<table border=\"0\" cellspacing=\"1\" cellpadding=\"0\">\n<tbody>\n<tr>\n<td width=\"327\">Modelo<\/td>\n<td width=\"120\">SJ-B50<\/td>\n<td width=\"105\">SJ-B55<\/td>\n<td width=\"156\">SJ-B65<\/td>\n<td><\/td>\n<\/tr>\n<tr>\n<td width=\"327\">Di\u00e1metro del tornillo(mm)<\/td>\n<td>50<\/td>\n<td width=\"105\">55<\/td>\n<td width=\"156\">60<\/td>\n<td><\/td>\n<\/tr>\n<tr>\n<td width=\"327\">Ratio del tornillo(L\/D)<\/td>\n<td>28:1<\/td>\n<td width=\"105\">28:1<\/td>\n<td width=\"156\">28:1<\/td>\n<td><\/td>\n<\/tr>\n<tr>\n<td width=\"327\">Velocidad del tornillo<\/td>\n<td>10-100r\/min<\/td>\n<td width=\"105\">10-100r\/min<\/td>\n<td width=\"156\">10-100r\/min<\/td>\n<td><\/td>\n<\/tr>\n<tr>\n<td width=\"327\">M\u00e1ximo poder de salida del motor principal<br \/>\nM\u00e1ximo rendimiento<\/td>\n<td>11Kw<br \/>\n35kg\/h<\/td>\n<td width=\"105\">15Kw<br \/>\n50kg\/h<\/td>\n<td width=\"156\">22Kw<br \/>\n65kg\/h<\/td>\n<td><\/td>\n<\/tr>\n<tr>\n<td width=\"327\">Ancho m\u00e1ximo de la pel\u00edcula doblada<\/td>\n<td>600mm<\/td>\n<td width=\"105\">800mm<\/td>\n<td width=\"156\">1000mm<\/td>\n<td><\/td>\n<\/tr>\n<tr>\n<td width=\"327\">Grosor de un solo lado de la pel\u00edcula<\/td>\n<td>0.01-0.10mm<\/td>\n<td width=\"105\">0.01-0.10mm<\/td>\n<td width=\"156\">0.01-0.10mm<\/td>\n<td><\/td>\n<\/tr>\n<tr>\n<td width=\"327\">Potencia total<\/td>\n<td>22Kw<\/td>\n<td width=\"105\">26Kw<\/td>\n<td width=\"156\">30Kw<\/td>\n<td><\/td>\n<\/tr>\n<tr>\n<td width=\"327\">Peso de la m\u00e1quina<\/td>\n<td>2T<\/td>\n<td width=\"105\">2.3T<\/td>\n<td width=\"156\">2.6T<\/td>\n<td><\/td>\n<\/tr>\n<tr>\n<td width=\"327\">Dimensiones totales(mm)<\/td>\n<td>4.0 x 1.8 x 4.6<\/td>\n<td width=\"105\">4.2 x 2.0 x 4.9<\/td>\n<td width=\"156\">4.6 x 2.3 x 5.6<\/td>\n<\/tr>\n<\/tbody>\n<\/table>\n","protected":false},"excerpt":{"rendered":"<p>El motor principal de la <span data-scayt_word=\"maquina\" data-scaytid=\"12\">maquina<\/span> de <span data-scayt_word=\"pel\u00edcula\" data-scaytid=\"3\">pel\u00edcula<\/span> <span data-scayt_word=\"soplada\" data-scaytid=\"5\">soplada<\/span> PE de <span data-scayt_word=\"cabezal\" data-scaytid=\"7\">cabezal<\/span> <span data-scayt_word=\"rotatorio\" data-scaytid=\"9\">rotatorio<\/span> <span data-scayt_word=\"utiliza\" data-scaytid=\"13\">utiliza<\/span> un control de <span data-scayt_word=\"frecuencia\" data-scaytid=\"14\">frecuencia<\/span>\u00a0<span data-scayt_word=\"parala\" data-scaytid=\"16\">para<span style=\"padding: 0px; margin: 0px; text-align: center;\">la<\/span><\/span> <span data-scayt_word=\"velocidad\" data-scaytid=\"17\">velocidad<\/span> del motor <span data-scayt_word=\"as\u00ed\" data-scaytid=\"19\">as\u00ed<\/span> <span data-scayt_word=\"mejorando\" data-scaytid=\"20\">mejorando<\/span> la <span data-scayt_word=\"estabilidad\" data-scaytid=\"21\">estabilidad<\/span> y <span data-scayt_word=\"regularidad\" data-scaytid=\"22\">regularidad<\/span> de la <span data-scayt_word=\"velocidad\" data-scaytid=\"18\">velocidad<\/span> del motor principal\u00a0<span data-scayt_word=\"ahorrando\" data-scaytid=\"23\">ahorrando<\/span> un 30% de <span data-scayt_word=\"electricidad\" data-scaytid=\"26\">electricidad<\/span>. El <span data-scayt_word=\"tornillo\" data-scaytid=\"27\">tornillo<\/span> y el <span data-scayt_word=\"barril\" data-scaytid=\"28\">barril<\/span> del material <span data-scayt_word=\"utiliza\" data-scaytid=\"15\">utiliza<\/span> <span data-scayt_word=\"aluminio\" data-scaytid=\"30\">aluminio<\/span> <span data-scayt_word=\"molibdeno\" data-scaytid=\"31\">molibdeno<\/span> de color 30\u00a0el <span data-scayt_word=\"cual\" data-scaytid=\"32\">cual<\/span> <span data-scayt_word=\"es\" data-scaytid=\"33\">es<\/span> <span data-scayt_word=\"tratado\" data-scaytid=\"34\">tratado<\/span> con <span data-scayt_word=\"nitr\u00f3geno\" data-scaytid=\"35\">nitr\u00f3geno<\/span> y el <span data-scayt_word=\"marco\" data-scaytid=\"36\">marco<\/span> de <span data-scayt_word=\"tracci\u00f3n\" data-scaytid=\"37\">tracci\u00f3n<\/span> <span data-scayt_word=\"utiliza\" data-scaytid=\"25\">utiliza<\/span> el <span data-scayt_word=\"tipo\" data-scaytid=\"39\">tipo<\/span> <span data-scayt_word=\"elevador\" data-scaytid=\"40\">elevador<\/span>. Sin <span data-scayt_word=\"importar\" data-scaytid=\"41\">importar<\/span> el <span data-scayt_word=\"tama\u00f1o\" data-scaytid=\"42\">tama\u00f1o<\/span> de la\u00a0<span data-scayt_word=\"pel\u00edcula\" data-scaytid=\"43\">pel\u00edcula<\/span>, <span data-scayt_word=\"grande\" data-scaytid=\"59\">grande<\/span> o <span data-scayt_word=\"peque\u00f1a\" data-scaytid=\"60\">peque\u00f1a<\/span>, <span data-scayt_word=\"puede\" data-scaytid=\"61\">puede<\/span> <span data-scayt_word=\"alcanzar\" data-scaytid=\"62\">alcanzar<\/span> el <span data-scayt_word=\"efecto\" data-scaytid=\"63\">efecto<\/span> de <span data-scayt_word=\"refrigeraci\u00f3n\" data-scaytid=\"64\">refrigeraci\u00f3n<\/span>.<\/p>\n","protected":false},"featured_media":28633,"comment_status":"closed","ping_status":"closed","template":"","meta":{"_acf_changed":false},"product_brand":[],"product_cat":[85],"product_tag":[],"class_list":{"0":"post-28632","1":"product","2":"type-product","3":"status-publish","4":"has-post-thumbnail","6":"product_cat-extrusora-de-pelicula-tubular","8":"first","9":"instock","10":"shipping-taxable","11":"product-type-simple"},"acf":[],"_links":{"self":[{"href":"https:\/\/maquinaparafabricarbolsas.com.pa\/es\/wp-json\/wp\/v2\/product\/28632","targetHints":{"allow":["GET"]}}],"collection":[{"href":"https:\/\/maquinaparafabricarbolsas.com.pa\/es\/wp-json\/wp\/v2\/product"}],"about":[{"href":"https:\/\/maquinaparafabricarbolsas.com.pa\/es\/wp-json\/wp\/v2\/types\/product"}],"replies":[{"embeddable":true,"href":"https:\/\/maquinaparafabricarbolsas.com.pa\/es\/wp-json\/wp\/v2\/comments?post=28632"}],"version-history":[{"count":0,"href":"https:\/\/maquinaparafabricarbolsas.com.pa\/es\/wp-json\/wp\/v2\/product\/28632\/revisions"}],"wp:featuredmedia":[{"embeddable":true,"href":"https:\/\/maquinaparafabricarbolsas.com.pa\/es\/wp-json\/wp\/v2\/media\/28633"}],"wp:attachment":[{"href":"https:\/\/maquinaparafabricarbolsas.com.pa\/es\/wp-json\/wp\/v2\/media?parent=28632"}],"wp:term":[{"taxonomy":"product_brand","embeddable":true,"href":"https:\/\/maquinaparafabricarbolsas.com.pa\/es\/wp-json\/wp\/v2\/product_brand?post=28632"},{"taxonomy":"product_cat","embeddable":true,"href":"https:\/\/maquinaparafabricarbolsas.com.pa\/es\/wp-json\/wp\/v2\/product_cat?post=28632"},{"taxonomy":"product_tag","embeddable":true,"href":"https:\/\/maquinaparafabricarbolsas.com.pa\/es\/wp-json\/wp\/v2\/product_tag?post=28632"}],"curies":[{"name":"wp","href":"https:\/\/api.w.org\/{rel}","templated":true}]}}