{"id":28689,"date":"2025-02-24T11:32:03","date_gmt":"2025-02-24T03:32:03","guid":{"rendered":"https:\/\/maquinaparafabricarbolsas.com.pa\/es\/?post_type=product&#038;p=28689"},"modified":"2025-02-24T11:32:17","modified_gmt":"2025-02-24T03:32:17","slug":"maquina-impresora-flexografica-de-4-colores","status":"publish","type":"product","link":"https:\/\/maquinaparafabricarbolsas.com.pa\/es\/maquina-impresora-flexografica-de-4-colores-mexico-puebla-guadalajara-arandas-monterrey.html","title":{"rendered":"M\u00e1quina impresora flexogr\u00e1fica de 4 colores"},"content":{"rendered":"<p><strong>M\u00e1quina\u00a0impresora\u00a0flexogr\u00e1fica\u00a0de 4\u00a0colores<\/strong><br \/>\n<strong>Modelo: YT<br \/>\nAplicaciones\u00a0<\/strong><br \/>\nLa\u00a0m\u00e1quina\u00a0impresora\u00a0flexogr\u00e1fica\u00a0de 4\u00a0colores\u00a0puede\u00a0ser\u00a0utilizadapara\u00a0imprimir\u00a0los\u00a0materiales\u00a0de\u00a0embalaje\u00a0en\u00a0polietileno<\/p>\n<p>y\u00a0bolsaspl\u00e1sticas\u00a0de\u00a0polipropileno,\u00a0papel\u00a0celof\u00e1n, y\u00a0varios\u00a0rollos\u00a0de\u00a0papel. Seutiliza\u00a0ampliamente\u00a0para\u00a0empaquetar\u00a0alimentos,<\/p>\n<p>fabricar\u00a0bolsas\u00a0desupermercado, e\u00a0bolsas\u00a0de\u00a0embalaje\u00a0industrial\u00a0personalizadas.<\/p>\n<p><strong><span data-scayt_word=\"Ventajas\" data-scaytid=\"47\">Ventajas<\/span>\u00a0del\u00a0<span data-scayt_word=\"rendimiento\" data-scaytid=\"48\">rendimiento<\/span><\/strong><br \/>\n1. La\u00a0<span data-scayt_word=\"m\u00e1quina\" data-scaytid=\"25\">m\u00e1quina<\/span>\u00a0<span data-scayt_word=\"impresora\" data-scaytid=\"26\">impresora<\/span>\u00a0<span data-scayt_word=\"flexogr\u00e1fica\" data-scaytid=\"27\">flexogr\u00e1fica<\/span>\u00a0de 4\u00a0<span data-scayt_word=\"colores\" data-scaytid=\"28\">colores<\/span>\u00a0se\u00a0<span data-scayt_word=\"caracteriza\" data-scaytid=\"53\">caracteriza<\/span>\u00a0<span data-scayt_word=\"poruna\" data-scaytid=\"54\">poruna<\/span>\u00a0<span data-scayt_word=\"operaci\u00f3n\" data-scaytid=\"55\">operaci\u00f3n<\/span>\u00a0simple, de\u00a0<span data-scayt_word=\"inicio\" data-scaytid=\"56\">inicio<\/span> suave y de\u00a0registraci\u00f3n de color\u00a0precisa.<br \/>\n2. Su dispositivo de conteo puede presentar la calidad de la impresi\u00f3n,permitiendo a la impresota a detener su funcionamientoautom\u00e1ticamente bajo la cantidad predise\u00f1ada. La m\u00e1quina impresoratambi\u00e9n puede detener su funcionamiento autom\u00e1ticamente cuandohace falta el material.<br \/>\n3.\u00a0Movimiento\u00a0neum\u00e1tico\u00a0controlado\u00a0por\u00a0la\u00a0placa\u00a0del\u00a0cilindro.<br \/>\n4. El\u00a0rodillo\u00a0de\u00a0anilox\u00a0se\u00a0utiliza\u00a0como\u00a0medio\u00a0de\u00a0transporte\u00a0de la\u00a0tinta, locual\u00a0garantiza\u00a0la\u00a0uniformidad\u00a0del color de la\u00a0tinta.<br \/>\n5. El\u00a0sistema\u00a0de\u00a0secado\u00a0de la\u00a0m\u00e1quina\u00a0impresora\u00a0flexogr\u00e1fica\u00a0de 4colores\u00a0es\u00a0fiable\u00a0y\u00a0otra\u00a0a\u00a0una\u00a0alta\u00a0velocidad.\u00a0Detiene\u00a0su\u00a0funcionamientode\u00a0manera\u00a0inmediata\u00a0despu\u00e9s\u00a0de<\/p>\n<p style=\"padding: 0px; margin: 0px; color: #000000; font-family: Verdana, Arial, Tahoma; line-height: 18px;\">que\u00a0la\u00a0m\u00e1quina\u00a0impresora\u00a0sedetiene.<\/p>\n<p>6. El\u00a0sistema\u00a0de\u00a0registro\u00a0longitudinal\u00a0es\u00a0ajustable\u00a0a 360\u00a0gradoscontinuamente.<br \/>\n7. El control de\u00a0frecuencia\u00a0variable\u00a0permite\u00a0que\u00a0la\u00a0m\u00e1quina\u00a0impresoracumpla\u00a0con\u00a0las\u00a0demandas\u00a0de<\/p>\n<p style=\"padding: 0px; margin: 0px; color: #000000; font-family: Verdana, Arial, Tahoma; line-height: 18px;\">velocidad\u00a0de\u00a0las\u00a0diferentes\u00a0impresiones.<\/p>\n<p>8. Hay botones para ir a paso lento o para detenerse en ambas bases de la placa del cilindro y el material de la\u00a0pila\u00a0de\u00a0colecci\u00f3n,<\/p>\n<p>lo\u00a0cualgarantiza\u00a0un control simple de la\u00a0m\u00e1quina\u00a0cuando\u00a0se\u00a0carga\u00a0la\u00a0placa.<br \/>\n<strong>Especificaciones\u00a0t\u00e9cnicas\u00a0de la\u00a0m\u00e1quina\u00a0impresora\u00a0flexogr\u00e1fica\u00a0de 4colores<\/strong><\/p>\n<table border=\"0\" cellspacing=\"1\" cellpadding=\"0\">\n<tbody>\n<tr>\n<td><strong>Modelo\u00a0de la\u00a0m\u00e1quina<\/strong><\/td>\n<td><strong>YT-4600<\/strong><\/td>\n<td><strong>YT-4800<\/strong><\/td>\n<td><strong>YT-41000<\/strong><\/td>\n<\/tr>\n<tr>\n<td>M\u00e1x.\u00a0ancho\u00a0del material de\u00a0impresi\u00f3n<\/td>\n<td>600mm<\/td>\n<td>800mm<\/td>\n<td>1000mm<\/td>\n<\/tr>\n<tr>\n<td>M\u00e1x.\u00a0ancho\u00a0de\u00a0impresi\u00f3n<\/td>\n<td>560mm<\/td>\n<td>760mm<\/td>\n<td>960mm<\/td>\n<\/tr>\n<tr>\n<td>Rango\u00a0de\u00a0longitud\u00a0del\u00a0producto\u00a0de\u00a0impresi\u00f3n<\/td>\n<td>191-914mm<\/td>\n<td>191-914mm<\/td>\n<td>191-914mm<\/td>\n<\/tr>\n<tr>\n<td>M\u00e1x.\u00a0di\u00e1metro\u00a0del material de\u00a0enrollado<\/td>\n<td>\u03c6450mm<\/td>\n<td>\u03c6450mm<\/td>\n<td>\u03c6450mm<\/td>\n<\/tr>\n<tr>\n<td>Velocidad\u00a0de\u00a0impresi\u00f3n<\/td>\n<td>5 ~\u00a050m\u00a0\/min<\/td>\n<td>5 ~\u00a050m\u00a0\/min<\/td>\n<td>5 ~\u00a050m\u00a0\/min<\/td>\n<\/tr>\n<tr>\n<td>Grosor\u00a0de la\u00a0placa(Incluye\u00a0papel\u00a0con\u00a0goma\u00a0deambos\u00a0lados)<\/td>\n<td>2.38mm<\/td>\n<td>2.38mm<\/td>\n<td>2.38mm<\/td>\n<\/tr>\n<tr>\n<td>Potencia\u00a0total<\/td>\n<td>10.87kw<\/td>\n<td>12.5kw<\/td>\n<td>14.37kw<\/td>\n<\/tr>\n<tr>\n<td>Peso de la\u00a0m\u00e1quina<\/td>\n<td>3000kg<\/td>\n<td>3500kg<\/td>\n<td>4000kg<\/td>\n<\/tr>\n<tr>\n<td>Dimensiones\u00a0totales<\/td>\n<td>4200*1600*2400<\/td>\n<td>4200*1800*2400<\/td>\n<td>4200*2000*2400<\/td>\n<\/tr>\n<\/tbody>\n<\/table>\n","protected":false},"excerpt":{"rendered":"<p>M\u00e1quina\u00a0impresora\u00a0fl<\/p>\n","protected":false},"featured_media":28690,"comment_status":"closed","ping_status":"closed","template":"","meta":{"_acf_changed":false},"product_brand":[],"product_cat":[83],"product_tag":[],"class_list":{"0":"post-28689","1":"product","2":"type-product","3":"status-publish","4":"has-post-thumbnail","6":"product_cat-impresora-flexografica","8":"first","9":"instock","10":"shipping-taxable","11":"product-type-simple"},"acf":[],"_links":{"self":[{"href":"https:\/\/maquinaparafabricarbolsas.com.pa\/es\/wp-json\/wp\/v2\/product\/28689","targetHints":{"allow":["GET"]}}],"collection":[{"href":"https:\/\/maquinaparafabricarbolsas.com.pa\/es\/wp-json\/wp\/v2\/product"}],"about":[{"href":"https:\/\/maquinaparafabricarbolsas.com.pa\/es\/wp-json\/wp\/v2\/types\/product"}],"replies":[{"embeddable":true,"href":"https:\/\/maquinaparafabricarbolsas.com.pa\/es\/wp-json\/wp\/v2\/comments?post=28689"}],"version-history":[{"count":0,"href":"https:\/\/maquinaparafabricarbolsas.com.pa\/es\/wp-json\/wp\/v2\/product\/28689\/revisions"}],"wp:featuredmedia":[{"embeddable":true,"href":"https:\/\/maquinaparafabricarbolsas.com.pa\/es\/wp-json\/wp\/v2\/media\/28690"}],"wp:attachment":[{"href":"https:\/\/maquinaparafabricarbolsas.com.pa\/es\/wp-json\/wp\/v2\/media?parent=28689"}],"wp:term":[{"taxonomy":"product_brand","embeddable":true,"href":"https:\/\/maquinaparafabricarbolsas.com.pa\/es\/wp-json\/wp\/v2\/product_brand?post=28689"},{"taxonomy":"product_cat","embeddable":true,"href":"https:\/\/maquinaparafabricarbolsas.com.pa\/es\/wp-json\/wp\/v2\/product_cat?post=28689"},{"taxonomy":"product_tag","embeddable":true,"href":"https:\/\/maquinaparafabricarbolsas.com.pa\/es\/wp-json\/wp\/v2\/product_tag?post=28689"}],"curies":[{"name":"wp","href":"https:\/\/api.w.org\/{rel}","templated":true}]}}