{"id":28710,"date":"2025-02-24T11:45:11","date_gmt":"2025-02-24T03:45:11","guid":{"rendered":"https:\/\/maquinaparafabricarbolsas.com.pa\/es\/?post_type=product&#038;p=28710"},"modified":"2025-02-24T11:45:28","modified_gmt":"2025-02-24T03:45:28","slug":"maquina-impresora-de-rotograbado-de-alta-velocidad","status":"publish","type":"product","link":"https:\/\/maquinaparafabricarbolsas.com.pa\/es\/maquina-impresora-rotograbado-de-alta-velocidad-mexico-puebla-guadalajara-arandas-monterrey.html","title":{"rendered":"M\u00e1quina impresora de rotograbado de alta velocidad"},"content":{"rendered":"<p>Caracter\u00edstica:<\/p>\n<p>1. Uso: Es conveniente para BOPP, PET, CPP, PVC y pel\u00edcula combinado y papel con la misma naturaleza. Su velocidad de impresi\u00f3n es 100-120m\/min.<\/p>\n<p>2. Dispositivo de transmisi\u00f3n principal: El dispositivo de transmisi\u00f3n principal adopta el vector de inversor de Shenzhen Huichuan para controlar la m\u00e1quina el\u00e9ctrica vector, transferir cada grupo de bloques de funcionamiento. Rendimiento: Ahorre electricidad.<\/p>\n<p>3. Bloquea la instalaci\u00f3n de dispositivos sin eje: La instalaci\u00f3n de bloques adopta cilindro de aire para sacar el eje central de la instalaci\u00f3n de los bloques. El ajuste horizontal adopta el movimiento de tornillo. Rendimiento: Reducir el tiempo para reemplazar los bloques, asegurar las placas a ser conc\u00e9ntricos, mejorar la calidad del producto.<\/p>\n<p>4. Estructura del raspador de la tinta: Los rascadores de tinta se puede ajustar hacia arriba y abajo, as\u00ed como sus posiciones. La presi\u00f3n del rascador adopta estilo de presi\u00f3n de aire individual. El movimiento horizontal adopta tanto la rotaci\u00f3n de la m\u00e1quina el\u00e9ctrica y el movimiento de la leva. Rendimiento: Alargar el servicio de los bloques.<\/p>\n<p>5. Impresi\u00f3n de la Estructura de elevaci\u00f3n: La impresi\u00f3n adopta de doble cilindro de aire para impresionar a trav\u00e9s de elevaci\u00f3n para posicionar el deslizador de que es un protector para la fuga de aire del cilindro y tambi\u00e9n un protector para la ca\u00edda del cilindro cuando la m\u00e1quina deja de funcionar. Rendimiento: Asegurar la media de la presi\u00f3n y la aberraci\u00f3n crom\u00e1tica.<\/p>\n<p>6. Chromatic manijas Mec\u00e1nica: Adoptan ordenador para control, m\u00e1quina el\u00e9ctrica sincr\u00f3nica para transferir el hilo de la varilla bola para ajustar la cromatograf\u00eda a trav\u00e9s de la reducci\u00f3n de la velocidad de control de registro autom\u00e1tico. Rendimiento: Gire desea lubricaci\u00f3n y alta precisi\u00f3n en la cromatograf\u00eda.<\/p>\n<p>7. Materiales-Recopilaci\u00f3n y Alimentaci\u00f3n Dispositivo: El material de recogida y alimentaci\u00f3n de soporte adopta andamio dual. Se puede reemplazar las bobinas y recoger los materiales de forma autom\u00e1tica. La extensi\u00f3n y la tracci\u00f3n del material de recogida y alimentaci\u00f3n de adoptar vector de inversor para controlar la velocidad de la l\u00ednea. Rendimiento: Acelerar la estabilizaci\u00f3n de la cromatograf\u00eda, la posici\u00f3n del bloque en direcci\u00f3n horizontal, ahorrar materiales, tinta, impresionar y energ\u00eda para las grandes cantidades de producci\u00f3n, y mientras que la velocidad de la recogida de material es 120m\/min, la mayor\u00eda de los residuos de la recogida de material es de unos 10 metros, se pueden ahorrar unos 40 metros en comparaci\u00f3n con tres m\u00e1quinas el\u00e9ctricas, se puede ahorrar un 20% de tinta, impresionar y recursos energ\u00e9ticos y reducir el costo del producto en gran medida.<\/p>\n<p>8. Seco y dispositivos: El horno adopta ventilador centr\u00edfugo para soplar y hacer succi\u00f3n, los tubos el\u00e9ctricos est\u00e1n instalados medianamente en cada grupo de hornos en la boca que sopla para calentar. La temperatura es controlada por el instrumento de control inteligente de la temperatura. El jefe del rodillo adopta la forma de la refrigeraci\u00f3n por agua para asegurar que se mantiene la temperatura de las pel\u00edculas en un grado bajo, rendimiento: ahorro el\u00e9ctrico.<\/p>\n<p>Funcionamiento y caracter\u00edsticas:<\/p>\n<p>Par\u00e1metro principal: (6 color de la unidad 8)<\/p>\n<table border=\"0\" cellpadding=\"0\">\n<tbody>\n<tr>\n<td width=\"227\">Model<\/td>\n<td>KDASY-600<\/td>\n<td>KDASY-800<\/td>\n<td>KDASY-1000<\/td>\n<td>KDASY-1200<\/td>\n<\/tr>\n<tr>\n<td width=\"227\">Impresi\u00f3n Dia (mm)<\/td>\n<td>100-320<\/td>\n<td>100-320<\/td>\n<td>100-320<\/td>\n<td>100-320<\/td>\n<\/tr>\n<tr>\n<td width=\"227\">Ancho de impresi\u00f3n (mm)<\/td>\n<td>600<\/td>\n<td>800<\/td>\n<td>1000<\/td>\n<td>1200<\/td>\n<\/tr>\n<tr>\n<td width=\"227\">Unwinding Dia (mm)<\/td>\n<td>600<\/td>\n<td>600<\/td>\n<td>600<\/td>\n<td>600<\/td>\n<\/tr>\n<tr>\n<td width=\"227\">Dia rebobinado (mm)<\/td>\n<td>600<\/td>\n<td>600<\/td>\n<td>600<\/td>\n<td>600<\/td>\n<\/tr>\n<tr>\n<td width=\"227\">Velocidad de impresi\u00f3n (m \/ min)<\/td>\n<td>10-120<\/td>\n<td>10-120<\/td>\n<td>10-120<\/td>\n<td>10-120<\/td>\n<\/tr>\n<tr>\n<td width=\"227\">Registro de precisi\u00f3n (mm)<\/td>\n<td>\u2264 0.10<\/td>\n<td>\u2264 0.10<\/td>\n<td>\u2264 0.10<\/td>\n<td>\u2264 0.10<\/td>\n<\/tr>\n<tr>\n<td width=\"227\">M\u00e9todo de secado<\/td>\n<td>Electric heating<\/td>\n<td>Electric heating<\/td>\n<td>Electric heating<\/td>\n<td>Electric heating<\/td>\n<\/tr>\n<tr>\n<td width=\"227\">Power Machine (KW)<\/td>\n<td>120<\/td>\n<td>120<\/td>\n<td>122<\/td>\n<td>122<\/td>\n<\/tr>\n<tr>\n<td width=\"227\">Peso (t)<\/td>\n<td>15<\/td>\n<td>16<\/td>\n<td>17<\/td>\n<td>18<\/td>\n<\/tr>\n<tr>\n<td width=\"227\">(M)<\/td>\n<td>10.2&#215;2.3&#215;2.75<\/td>\n<td>10.2&#215;2.5&#215;2.75<\/td>\n<td>10.2&#215;2.7&#215;2.75<\/td>\n<td>10.2&#215;2.9&#215;2.75<\/td>\n<\/tr>\n<\/tbody>\n<\/table>\n","protected":false},"excerpt":{"rendered":"<p>Caracter\u00edstica: 1. U<\/p>\n","protected":false},"featured_media":28711,"comment_status":"closed","ping_status":"closed","template":"","meta":{"_acf_changed":false},"product_brand":[],"product_cat":[82],"product_tag":[],"class_list":{"0":"post-28710","1":"product","2":"type-product","3":"status-publish","4":"has-post-thumbnail","6":"product_cat-impresion-rotograbado","8":"first","9":"instock","10":"shipping-taxable","11":"product-type-simple"},"acf":[],"_links":{"self":[{"href":"https:\/\/maquinaparafabricarbolsas.com.pa\/es\/wp-json\/wp\/v2\/product\/28710","targetHints":{"allow":["GET"]}}],"collection":[{"href":"https:\/\/maquinaparafabricarbolsas.com.pa\/es\/wp-json\/wp\/v2\/product"}],"about":[{"href":"https:\/\/maquinaparafabricarbolsas.com.pa\/es\/wp-json\/wp\/v2\/types\/product"}],"replies":[{"embeddable":true,"href":"https:\/\/maquinaparafabricarbolsas.com.pa\/es\/wp-json\/wp\/v2\/comments?post=28710"}],"version-history":[{"count":0,"href":"https:\/\/maquinaparafabricarbolsas.com.pa\/es\/wp-json\/wp\/v2\/product\/28710\/revisions"}],"wp:featuredmedia":[{"embeddable":true,"href":"https:\/\/maquinaparafabricarbolsas.com.pa\/es\/wp-json\/wp\/v2\/media\/28711"}],"wp:attachment":[{"href":"https:\/\/maquinaparafabricarbolsas.com.pa\/es\/wp-json\/wp\/v2\/media?parent=28710"}],"wp:term":[{"taxonomy":"product_brand","embeddable":true,"href":"https:\/\/maquinaparafabricarbolsas.com.pa\/es\/wp-json\/wp\/v2\/product_brand?post=28710"},{"taxonomy":"product_cat","embeddable":true,"href":"https:\/\/maquinaparafabricarbolsas.com.pa\/es\/wp-json\/wp\/v2\/product_cat?post=28710"},{"taxonomy":"product_tag","embeddable":true,"href":"https:\/\/maquinaparafabricarbolsas.com.pa\/es\/wp-json\/wp\/v2\/product_tag?post=28710"}],"curies":[{"name":"wp","href":"https:\/\/api.w.org\/{rel}","templated":true}]}}