{"id":28714,"date":"2025-02-24T11:48:59","date_gmt":"2025-02-24T03:48:59","guid":{"rendered":"https:\/\/maquinaparafabricarbolsas.com.pa\/es\/?post_type=product&#038;p=28714"},"modified":"2025-02-24T11:49:12","modified_gmt":"2025-02-24T03:49:12","slug":"dos-capas-la-maquina-stretch-film","status":"publish","type":"product","link":"https:\/\/maquinaparafabricarbolsas.com.pa\/es\/dos-capas-extrusora-maquina-stretch-estirable-film-mexico.html","title":{"rendered":"Dos Capas La M\u00e1quina Stretch Film"},"content":{"rendered":"<p><strong>Dos Capas La M\u00e1quina Stretch Film Descripci\u00f3n:<\/strong><br \/>\nLa m\u00e1quina de pel\u00edcula estirable utiliza la unidad de LLDPE comomaterial principal y utiliza una gran variedad de resina para fabricar lapel\u00edcula de embalaje estirable simple<br \/>\nde doble lado de adhesi\u00f3n. Lapel\u00edcula tiene buena fuerza de estiramiento, la habilidad en contra<br \/>\ndepunzadura y la fuerza de impacto. Ofrece una excelente funci\u00f3n dememoria de estiramiento, y buena auto adhesi\u00f3n que puede mantenerla integridad del producto y prevenir de que pierda su<br \/>\nelasticidad ycolapse durante su transportaci\u00f3n y sea victima de la poluci\u00f3n y dellenarse de polvo.<br \/>\nLa transparencia y la fuerza de estiramiento delproducto puede hacer que el embalaje sea muy atractivo,<br \/>\necon\u00f3mico ypr\u00e1ctico.<br \/>\n<strong>Aplicaciones<\/strong><br \/>\nLa pel\u00edcula producida por la m\u00e1quina de pel\u00edcula estirable puede serutilizada para envolver los productor paletizados.<br \/>\nEs un buen sustitutopara la pel\u00edcula estirable en caliente durante su transportaci\u00f3n.<br \/>\n<strong>Especificaciones t\u00e9cnicas de la m\u00e1quina de pel\u00edcula estirable<\/strong><\/p>\n<table border=\"0\" cellspacing=\"1\" cellpadding=\"0\">\n<tbody>\n<tr>\n<td><strong>Art\u00edculo\/Modelo<\/strong><\/td>\n<td><strong>KD-1000X2<\/strong><\/td>\n<td><strong>KD-500X2<\/strong><\/td>\n<\/tr>\n<tr>\n<td>Di\u00e1metro\u00a0del\u00a0tornillo\u00a0(mm)<\/td>\n<td>65*2<\/td>\n<td>55*2<\/td>\n<\/tr>\n<tr>\n<td>Ratio del\u00a0tornillo\u00a0(L\/D)<\/td>\n<td>28:1<\/td>\n<td>28:1<\/td>\n<\/tr>\n<tr>\n<td>Ancho\u00a0de la\u00a0cabeza\u00a0matriz\u00a0(mm)<\/td>\n<td>1250<\/td>\n<td>650<\/td>\n<\/tr>\n<tr>\n<td>Ancho\u00a0de los\u00a0productos\u00a0terminados(mm)<\/td>\n<td>1000 (500*2rollers)<\/td>\n<td>500 (250*2\u00a0rollos)<\/td>\n<\/tr>\n<tr>\n<td>Grosor de\u00a0productor\u00a0terminados(mm)<\/td>\n<td>0.017-0.05<\/td>\n<td>0.017-0.05<\/td>\n<\/tr>\n<tr>\n<td>Estructura de la capas de pel\u00edculas<\/td>\n<td>A\/B<\/td>\n<td>A\/B<\/td>\n<\/tr>\n<tr>\n<td>Salida m\u00e1xima (kg\/h)<\/td>\n<td>100<\/td>\n<td>40<\/td>\n<\/tr>\n<tr>\n<td>Maquinaria de la velocidad lineal (m\/min)<\/td>\n<td>50-100<\/td>\n<td>10-120<\/td>\n<\/tr>\n<tr>\n<td>Potencia total (KW)<\/td>\n<td>140<\/td>\n<td>50<\/td>\n<\/tr>\n<tr>\n<td>Dimensiones totales (L*A*A)m<\/td>\n<td>10*4*3<\/td>\n<td>6*1.5*2.5<\/td>\n<\/tr>\n<tr>\n<td>Peso (T) (Alrededor)<\/td>\n<td>8<\/td>\n<td>3<\/td>\n<\/tr>\n<\/tbody>\n<\/table>\n","protected":false},"excerpt":{"rendered":"<p>Dos Capas La M\u00e1quina<\/p>\n","protected":false},"featured_media":28715,"comment_status":"closed","ping_status":"closed","template":"","meta":{"_acf_changed":false},"product_brand":[],"product_cat":[81],"product_tag":[],"class_list":{"0":"post-28714","1":"product","2":"type-product","3":"status-publish","4":"has-post-thumbnail","6":"product_cat-maquina-stretch-film","8":"first","9":"instock","10":"shipping-taxable","11":"product-type-simple"},"acf":[],"_links":{"self":[{"href":"https:\/\/maquinaparafabricarbolsas.com.pa\/es\/wp-json\/wp\/v2\/product\/28714","targetHints":{"allow":["GET"]}}],"collection":[{"href":"https:\/\/maquinaparafabricarbolsas.com.pa\/es\/wp-json\/wp\/v2\/product"}],"about":[{"href":"https:\/\/maquinaparafabricarbolsas.com.pa\/es\/wp-json\/wp\/v2\/types\/product"}],"replies":[{"embeddable":true,"href":"https:\/\/maquinaparafabricarbolsas.com.pa\/es\/wp-json\/wp\/v2\/comments?post=28714"}],"version-history":[{"count":0,"href":"https:\/\/maquinaparafabricarbolsas.com.pa\/es\/wp-json\/wp\/v2\/product\/28714\/revisions"}],"wp:featuredmedia":[{"embeddable":true,"href":"https:\/\/maquinaparafabricarbolsas.com.pa\/es\/wp-json\/wp\/v2\/media\/28715"}],"wp:attachment":[{"href":"https:\/\/maquinaparafabricarbolsas.com.pa\/es\/wp-json\/wp\/v2\/media?parent=28714"}],"wp:term":[{"taxonomy":"product_brand","embeddable":true,"href":"https:\/\/maquinaparafabricarbolsas.com.pa\/es\/wp-json\/wp\/v2\/product_brand?post=28714"},{"taxonomy":"product_cat","embeddable":true,"href":"https:\/\/maquinaparafabricarbolsas.com.pa\/es\/wp-json\/wp\/v2\/product_cat?post=28714"},{"taxonomy":"product_tag","embeddable":true,"href":"https:\/\/maquinaparafabricarbolsas.com.pa\/es\/wp-json\/wp\/v2\/product_tag?post=28714"}],"curies":[{"name":"wp","href":"https:\/\/api.w.org\/{rel}","templated":true}]}}