{"id":28718,"date":"2025-02-24T11:52:58","date_gmt":"2025-02-24T03:52:58","guid":{"rendered":"https:\/\/maquinaparafabricarbolsas.com.pa\/es\/?post_type=product&#038;p=28718"},"modified":"2025-02-24T11:53:12","modified_gmt":"2025-02-24T03:53:12","slug":"uno-capa-la-extrusora-para-stretch-film-kd-500","status":"publish","type":"product","link":"https:\/\/maquinaparafabricarbolsas.com.pa\/es\/uno-capa-la-extrusora-para-stretch-estirable-film.html","title":{"rendered":"Uno Capa la Extrusora Para Stretch Film KD-500"},"content":{"rendered":"<p><strong>Uno Capa la Extrusora Para Stretch Film Caracter\u00edsticas<\/strong><br \/>\nLa m\u00e1quina de pel\u00edcula estirable de capa sencilla ofrece bajo ruido,funcionamiento estable, u partes de ventilaci\u00f3n que son controladasespecialmente por el programa de PLC. La m\u00e1quina de pel\u00edcula estirablede capa sencilla esta equipada con una extrusora,parte de tracci\u00f3n,parte elevada, punta de recorte, ventilaci\u00f3n y cambio autom\u00e1tico derodillo acabador, etc.<br \/>\n<strong>Aplicaciones<\/strong><br \/>\nLa m\u00e1quina de pel\u00edcula estirable de capa sencilla utiliza LDPE y LLDPEpara producir la pel\u00edcula de cobertura estirable utilizada en el \u00e1rea deembalaje para materiales de construcci\u00f3n, partes automotrices, partesde hardware, etc.<br \/>\n<strong>Equipo opcional<\/strong><br \/>\n1) Auto cargador<br \/>\n2) tolva seco<br \/>\n3) Aire eje<br \/>\n4) Residuos dispositivo de pel\u00edcula<br \/>\n5) Pegamento bomba<br \/>\n6) motorizar cambiador de red<br \/>\n7) cambiador de red hidr\u00e1ulica<br \/>\n<strong>Especificaciones t\u00e9cnicas de la m\u00e1quina de pel\u00edcula estirable de capasencilla<\/strong><\/p>\n<table border=\"0\" cellspacing=\"1\" cellpadding=\"0\">\n<tbody>\n<tr>\n<td>&lt;span<strong>Art\u00edculo\/Modelo<\/strong><\/td>\n<td>&lt;span<strong>KD-1000X1<\/strong><\/td>\n<td>&lt;span<strong>KD-500X1<\/strong><\/td>\n<\/tr>\n<tr>\n<td>&lt;spanDi\u00e1metro\u00a0del\u00a0tornillo\u00a0(mm)<\/td>\n<td>&lt;span65*1<\/td>\n<td>&lt;span55*1<\/td>\n<\/tr>\n<tr>\n<td>&lt;spanRatio del\u00a0tornillo\u00a0(L\/D)<\/td>\n<td>&lt;span28:1<\/td>\n<td>&lt;span28:1<\/td>\n<\/tr>\n<tr>\n<td>&lt;span<span data-scayt_word=\"Ancho\" data-scaytid=\"216\">Ancho<\/span>\u00a0de la\u00a0<span data-scayt_word=\"cabeza\" data-scaytid=\"218\">cabeza<\/span>\u00a0<span data-scayt_word=\"matriz\" data-scaytid=\"219\">matriz<\/span>\u00a0(mm)<\/td>\n<td>&lt;span1250<\/td>\n<td>&lt;span650<\/td>\n<\/tr>\n<tr>\n<td>&lt;span<span data-scayt_word=\"Ancho\" data-scaytid=\"217\">Ancho<\/span>\u00a0de los\u00a0<span data-scayt_word=\"productos\" data-scaytid=\"220\">productos<\/span>\u00a0<span data-scayt_word=\"terminados\" data-scaytid=\"221\">terminados<\/span>(mm)<\/td>\n<td>&lt;span1000 (500*<span data-scayt_word=\"2rollers\" data-scaytid=\"222\">2rollers<\/span>)<\/td>\n<td>&lt;span500 (250*2\u00a0<span data-scayt_word=\"rollos\" data-scaytid=\"224\">rollos<\/span>)<\/td>\n<\/tr>\n<tr>\n<td>&lt;span<span data-scayt_word=\"Grosor\" data-scaytid=\"225\">Grosor<\/span>\u00a0de\u00a0<span data-scayt_word=\"productor\" data-scaytid=\"226\">productor<\/span>\u00a0<span data-scayt_word=\"terminados\" data-scaytid=\"223\">terminados<\/span>(mm)<\/td>\n<td>&lt;span0.017-0.05<\/td>\n<td>&lt;span0.017-0.05<\/td>\n<\/tr>\n<tr>\n<td>&lt;span<span data-scayt_word=\"Estructura\" data-scaytid=\"228\">Estructura<\/span>\u00a0de la\u00a0<span data-scayt_word=\"capas\" data-scaytid=\"229\">capas<\/span>\u00a0de\u00a0pel\u00edculas<\/td>\n<td>&lt;span&#8211;<\/td>\n<td>&lt;span&#8211;<\/td>\n<\/tr>\n<tr>\n<td>&lt;spanSalida\u00a0m\u00e1xima\u00a0(kg\/h)<\/td>\n<td>&lt;span100<\/td>\n<td>&lt;span40<\/td>\n<\/tr>\n<tr>\n<td>&lt;spanMaquinaria\u00a0de la\u00a0velocidad\u00a0lineal (m\/min)<\/td>\n<td>&lt;span50-100<\/td>\n<td>&lt;span10-120<\/td>\n<\/tr>\n<tr>\n<td>&lt;spanPotencia\u00a0total (KW)<\/td>\n<td>&lt;span120<\/td>\n<td>&lt;span50<\/td>\n<\/tr>\n<tr>\n<td>&lt;spanDimensiones\u00a0totales\u00a0(L*A*A)m<\/td>\n<td>&lt;span10*4*3<\/td>\n<td>&lt;span5.5*1.5*1.8<\/td>\n<\/tr>\n<tr>\n<td>&lt;spanPeso (T) (Alrededor)<\/td>\n<td>&lt;span4.5<\/td>\n<td>&lt;span2.2<\/td>\n<\/tr>\n<\/tbody>\n<\/table>\n","protected":false},"excerpt":{"rendered":"<div data-slate-node=\"element\"><span data-slate-node=\"text\">La m\u00e1quina de pel\u00edcula estirable de capa sencilla ofrece bajo ruido,funcionamiento estable, u partes de ventilaci\u00f3n que son controladasespecialmente por el programa de PLC. <\/span><span data-slate-node=\"text\">La m\u00e1quina de pel\u00edcula estirablede capa sencilla esta equipada con una extrusora, <\/span><span data-slate-node=\"text\">parte de tracci\u00f3n,parte elevada, punta de recorte, ventilaci\u00f3n y cambio autom\u00e1tico derodillo acabador, etc.<\/span><\/div>\n","protected":false},"featured_media":28719,"comment_status":"closed","ping_status":"closed","template":"","meta":{"_acf_changed":false},"product_brand":[],"product_cat":[81],"product_tag":[],"class_list":{"0":"post-28718","1":"product","2":"type-product","3":"status-publish","4":"has-post-thumbnail","6":"product_cat-maquina-stretch-film","8":"first","9":"instock","10":"shipping-taxable","11":"product-type-simple"},"acf":[],"_links":{"self":[{"href":"https:\/\/maquinaparafabricarbolsas.com.pa\/es\/wp-json\/wp\/v2\/product\/28718","targetHints":{"allow":["GET"]}}],"collection":[{"href":"https:\/\/maquinaparafabricarbolsas.com.pa\/es\/wp-json\/wp\/v2\/product"}],"about":[{"href":"https:\/\/maquinaparafabricarbolsas.com.pa\/es\/wp-json\/wp\/v2\/types\/product"}],"replies":[{"embeddable":true,"href":"https:\/\/maquinaparafabricarbolsas.com.pa\/es\/wp-json\/wp\/v2\/comments?post=28718"}],"version-history":[{"count":0,"href":"https:\/\/maquinaparafabricarbolsas.com.pa\/es\/wp-json\/wp\/v2\/product\/28718\/revisions"}],"wp:featuredmedia":[{"embeddable":true,"href":"https:\/\/maquinaparafabricarbolsas.com.pa\/es\/wp-json\/wp\/v2\/media\/28719"}],"wp:attachment":[{"href":"https:\/\/maquinaparafabricarbolsas.com.pa\/es\/wp-json\/wp\/v2\/media?parent=28718"}],"wp:term":[{"taxonomy":"product_brand","embeddable":true,"href":"https:\/\/maquinaparafabricarbolsas.com.pa\/es\/wp-json\/wp\/v2\/product_brand?post=28718"},{"taxonomy":"product_cat","embeddable":true,"href":"https:\/\/maquinaparafabricarbolsas.com.pa\/es\/wp-json\/wp\/v2\/product_cat?post=28718"},{"taxonomy":"product_tag","embeddable":true,"href":"https:\/\/maquinaparafabricarbolsas.com.pa\/es\/wp-json\/wp\/v2\/product_tag?post=28718"}],"curies":[{"name":"wp","href":"https:\/\/api.w.org\/{rel}","templated":true}]}}