{"id":28755,"date":"2025-02-24T12:48:38","date_gmt":"2025-02-24T04:48:38","guid":{"rendered":"https:\/\/maquinaparafabricarbolsas.com.pa\/es\/?post_type=product&#038;p=28755"},"modified":"2025-02-24T12:49:42","modified_gmt":"2025-02-24T04:49:42","slug":"uno-color-maquina-fabricar-popotes-plastico","status":"publish","type":"product","link":"https:\/\/maquinaparafabricarbolsas.com.pa\/es\/maquina-fabricar-popotes-plastico-juarez-chihuahua-guadalajara-monterrey-ecatepec-puebla.html","title":{"rendered":"Uno Color Maquina fabricar popotes plastico"},"content":{"rendered":"<p>Uno Color Maquina fabricar popotes plastico<br \/>\nEste modelo es una l\u00ednea de extrusi\u00f3n de tubo, compuesta por extrusora y matriz, unidad de enfriamiento y calibraci\u00f3n de vac\u00edo, unidad de arrastre, unidad de corte rotativo. Las m\u00e1quinas de serie pueden producir todo tipo de paja para beber, paja en espiral, tuber\u00eda m\u00e9dica, todas las m\u00e1quinas la base de controles con los elementos de control ergon\u00f3micamente adaptados para permitir una operaci\u00f3n f\u00e1cil.<br \/>\nCARACTER\u00cdSTICA T\u00c9CNICA<br \/>\n1. La matriz de extrusi\u00f3n se puede dise\u00f1ar de manera especial y se puede cambiar f\u00e1cilmente para producir tuber\u00edas y dar forma a las piezas,<br \/>\n2. Ba\u00f1o de agua en acero inoxidable se puede ajustar en tres planos,<br \/>\n3. La unidad de arrastre puede ser correa o rodillos, es personalizable.<br \/>\n4. Equipado con cortador rotativo simple o doble.<\/p>\n<table border=\"0\" cellspacing=\"0\" cellpadding=\"0\">\n<tbody>\n<tr>\n<td colspan=\"2\">Model<\/td>\n<td>KD-11<\/td>\n<td>KD-12<\/td>\n<td>KD-13<\/td>\n<\/tr>\n<tr>\n<td colspan=\"2\">Parameter of main screw<\/td>\n<td colspan=\"3\">\u03c650mm(diameter)<\/td>\n<\/tr>\n<tr>\n<td colspan=\"2\">Parameter of sub- screw<\/td>\n<td>0<\/td>\n<td>1\u00d7\u03c625mm<\/td>\n<td>2\u00d7\u03c625mm<\/td>\n<\/tr>\n<tr>\n<td colspan=\"2\">Capability<\/td>\n<td colspan=\"3\">25~35Kg\/h<\/td>\n<\/tr>\n<tr>\n<td rowspan=\"4\" width=\"67\">Powersupply<\/td>\n<td width=\"168\">Main\u00a0motor<\/td>\n<td colspan=\"3\">11kW\u00a0\u00a0\u00a0 380v\u00a0\u00a0\u00a0 50Hz (VFD)<\/td>\n<\/tr>\n<tr>\n<td width=\"168\">Sub\u00a0motor<\/td>\n<td>0<\/td>\n<td>0.75kW\u00d71<\/td>\n<td>0.75kW\u00d72<\/td>\n<\/tr>\n<tr>\n<td width=\"168\">Haul-off\u00a0motor<\/td>\n<td colspan=\"3\">0.75kW\u00d71(VFD)<\/td>\n<\/tr>\n<tr>\n<td width=\"168\">Cutting\u00a0motor<\/td>\n<td colspan=\"3\">0.75kW\u00d71(VFD)<\/td>\n<\/tr>\n<tr>\n<td colspan=\"2\">Temp controller<\/td>\n<td>5zone<\/td>\n<td>8 zone<\/td>\n<td>11 zone<\/td>\n<\/tr>\n<tr>\n<td colspan=\"2\">Length of cooling container<\/td>\n<td colspan=\"3\">2400mm\/3400mm\/4400mm<\/td>\n<\/tr>\n<tr>\n<td colspan=\"2\">Specifications<\/td>\n<td colspan=\"3\">diameter:\u03c62~14mm\u00a0\u00a0 thickness:0.05~1mm<\/td>\n<\/tr>\n<tr>\n<td colspan=\"5\" width=\"571\">Other specifications are customizable<\/td>\n<\/tr>\n<\/tbody>\n<\/table>\n<p><img decoding=\"async\" class=\"alignnone size-full wp-image-28756\" src=\"https:\/\/maquinaparafabricarbolsas.com.pa\/es\/wp-content\/uploads\/2025\/02\/uno-colore-popotes-plastico-puebla-mexico.jpg\" alt=\"\" width=\"600\" srcset=\"https:\/\/maquinaparafabricarbolsas.com.pa\/es\/wp-content\/uploads\/2025\/02\/uno-colore-popotes-plastico-puebla-mexico.jpg 800w, https:\/\/maquinaparafabricarbolsas.com.pa\/es\/wp-content\/uploads\/2025\/02\/uno-colore-popotes-plastico-puebla-mexico-200x300.jpg 200w, https:\/\/maquinaparafabricarbolsas.com.pa\/es\/wp-content\/uploads\/2025\/02\/uno-colore-popotes-plastico-puebla-mexico-533x800.jpg 533w, https:\/\/maquinaparafabricarbolsas.com.pa\/es\/wp-content\/uploads\/2025\/02\/uno-colore-popotes-plastico-puebla-mexico-768x1152.jpg 768w, https:\/\/maquinaparafabricarbolsas.com.pa\/es\/wp-content\/uploads\/2025\/02\/uno-colore-popotes-plastico-puebla-mexico-430x645.jpg 430w, https:\/\/maquinaparafabricarbolsas.com.pa\/es\/wp-content\/uploads\/2025\/02\/uno-colore-popotes-plastico-puebla-mexico-700x1050.jpg 700w, https:\/\/maquinaparafabricarbolsas.com.pa\/es\/wp-content\/uploads\/2025\/02\/uno-colore-popotes-plastico-puebla-mexico-150x225.jpg 150w\" sizes=\"(max-width: 800px) 100vw, 800px\" \/><\/p>\n","protected":false},"excerpt":{"rendered":"<p><span data-slate-node=\"text\"><span class=\"null\" data-slate-leaf=\"true\" data-sent-id=\"zl28g0LD3e\">Este modelo es una l\u00ednea de extrusi\u00f3n de tubo, compuesta por extrusora y matriz, unidad de enfriamiento y calibraci\u00f3n de vac\u00edo, unidad de arrastre, unidad de corte rotativo. <\/span><\/span><span data-slate-node=\"text\" data-slate-fragment=\"JTVCJTdCJTIydHlwZSUyMiUzQSUyMnBhcmFncmFwaCUyMiUyQyUyMmNoaWxkcmVuJTIyJTNBJTVCJTdCJTIyaWQlMjIlM0ElMjJ6bDI4ZzBMRDNlJTIyJTJDJTIycGFyYUlkeCUyMiUzQTElMkMlMjJzcmMlMjIlM0ElMjJFc3RlJTIwbW9kZWxvJTIwZXMlMjB1bmElMjBsJUMzJUFEbmVhJTIwZGUlMjBleHRydXNpJUMzJUIzbiUyMGRlJTIwdHVibyUyQyUyMGNvbXB1ZXN0YSUyMHBvciUyMGV4dHJ1c29yYSUyMHklMjBtYXRyaXolMkMlMjB1bmlkYWQlMjBkZSUyMGVuZnJpYW1pZW50byUyMHklMjBjYWxpYnJhY2klQzMlQjNuJTIwZGUlMjB2YWMlQzMlQURvJTJDJTIwdW5pZGFkJTIwZGUlMjBhcnJhc3RyZSUyQyUyMHVuaWRhZCUyMGRlJTIwY29ydGUlMjByb3RhdGl2by4lMjAlMjIlMkMlMjJkc3QlMjIlM0ElMjIlRTglQUYlQTUlRTYlQTglQTElRTUlOUUlOEIlRTYlOTglQUYlRTQlQjglODAlRTclQTclOEQlRTclQUUlQTElRTYlOUQlOTAlRTYlOEMlQTQlRTUlODclQkElRTclOTQlOUYlRTQlQkElQTclRTclQkElQkYlRUYlQkMlOEMlRTclOTQlQjElRTYlOEMlQTQlRTUlODclQkElRTYlOUMlQkElRTUlOTIlOEMlRTYlQTglQTElRTUlODUlQjclRTMlODAlODElRTclOUMlOUYlRTclQTklQkElRTUlODYlQjclRTUlOEQlQjQlRTUlOTIlOEMlRTYlQTAlQTElRTUlODclODYlRTUlOEQlOTUlRTUlODUlODMlRTMlODAlODElRTclODklQjUlRTUlQkMlOTUlRTUlOEQlOTUlRTUlODUlODMlRTMlODAlODElRTYlOTclOEIlRTglQkQlQUMlRTUlODglODclRTUlODklQjIlRTUlOEQlOTUlRTUlODUlODMlRTclQkIlODQlRTYlODglOTAlRTMlODAlODIlMjIlMkMlMjJtZXRhZGF0YSUyMiUzQSUyMiUyMiUyQyUyMm1hdGNoZXMlMjIlM0FudWxsJTJDJTIybWV0YURhdGElMjIlM0ElNUIlNUQlMkMlMjJ0ZXh0JTIyJTNBJTIyRXN0ZSUyMG1vZGVsbyUyMGVzJTIwdW5hJTIwbCVDMyVBRG5lYSUyMGRlJTIwZXh0cnVzaSVDMyVCM24lMjBkZSUyMHR1Ym8lMkMlMjBjb21wdWVzdGElMjBwb3IlMjBleHRydXNvcmElMjB5JTIwbWF0cml6JTJDJTIwdW5pZGFkJTIwZGUlMjBlbmZyaWFtaWVudG8lMjB5JTIwY2FsaWJyYWNpJUMzJUIzbiUyMGRlJTIwdmFjJUMzJUFEbyUyQyUyMHVuaWRhZCUyMGRlJTIwYXJyYXN0cmUlMkMlMjB1bmlkYWQlMjBkZSUyMGNvcnRlJTIwcm90YXRpdm8uJTIwJTIyJTdEJTJDJTdCJTIyaWQlMjIlM0ElMjJCRGF2eVBvZEtlJTIyJTJDJTIycGFyYUlkeCUyMiUzQTElMkMlMjJzcmMlMjIlM0ElMjJMYXMlMjBtJUMzJUExcXVpbmFzJTIwZGUlMjBzZXJpZSUyMHB1ZWRlbiUyMHByb2R1Y2lyJTIwdG9kbyUyMHRpcG8lMjBkZSUyMHBhamElMjBwYXJhJTIwYmViZXIlMkMlMjBwYWphJTIwZW4lMjBlc3BpcmFsJTJDJTIwdHViZXIlQzMlQURhJTIwbSVDMyVBOWRpY2ElMkMlMjB0b2RhcyUyMGxhcyUyMG0lQzMlQTFxdWluYXMlMjBsYSUyMGJhc2UlMjBkZSUyMGNvbnRyb2xlcyUyMGNvbiUyMGxvcyUyMGVsZW1lbnRvcyUyMGRlJTIwY29udHJvbCUyMGVyZ29uJUMzJUIzbWljYW1lbnRlJTIwYWRhcHRhZG9zJTIwcGFyYSUyMHBlcm1pdGlyJTIwdW5hJTIwb3BlcmFjaSVDMyVCM24lMjBmJUMzJUExY2lsLiUyMiUyQyUyMmRzdCUyMiUzQSUyMiVFOCVBRiVBNSVFNyVCMyVCQiVFNSU4OCU5NyVFNiU5QyVCQSVFNSU5OSVBOCVFNSU4RiVBRiVFNCVCQiVBNSVFNyU5NCU5RiVFNCVCQSVBNyVFNSU5MCU4NCVFNyVBNyU4RCVFOSVBNSVBRSVFNiU5NiU5OSVFNSU5MCVCOCVFNyVBRSVBMSVFMyU4MCU4MSVFOCU5RSVCQSVFNiU5NyU4QiVFNSU5MCVCOCVFNyVBRSVBMSVFMyU4MCU4MSVFNSU4QyVCQiVFNyU5NiU5NyVFNyVBRSVBMSVFRiVCQyU4QyVFNiU4OSU4MCVFNiU5QyU4OSVFNiU5QyVCQSVFNSU5OSVBOCVFOSU4MyVCRCVFNiU5OCVBRiVFNiU4RSVBNyVFNSU4OCVCNiVFNyU5QSU4NCVFNSU5RiVCQSVFNyVBMSU4MCVFRiVCQyU4QyVFNiU4RSVBNyVFNSU4OCVCNiVFNSU4NSU4MyVFNCVCQiVCNiVFNyVBQyVBNiVFNSU5MCU4OCVFNCVCQSVCQSVFNCVCRCU5MyVFNSVCNyVBNSVFNyVBOCU4QiVFNSVBRCVBNiVFRiVCQyU4QyVFNiU5OCU5MyVFNCVCQSU4RSVFNiU5MyU4RCVFNCVCRCU5QyVFMyU4MCU4MiUyMiUyQyUyMm1ldGFkYXRhJTIyJTNBJTIyJTIyJTJDJTIybWF0Y2hlcyUyMiUzQW51bGwlMkMlMjJtZXRhRGF0YSUyMiUzQSU1QiU1RCUyQyUyMnRleHQlMjIlM0ElMjJMYXMlMjBtJUMzJUExcXVpbmFzJTIwZGUlMjBzZXJpZSUyMHB1ZWRlbiUyMHByb2R1Y2lyJTIwdG9kbyUyMHRpcG8lMjBkZSUyMHBhamElMjBwYXJhJTIwYmViZXIlMkMlMjBwYWphJTIwZW4lMjBlc3BpcmFsJTJDJTIwdHViZXIlQzMlQURhJTIwbSVDMyVBOWRpY2ElMkMlMjB0b2RhcyUyMGxhcyUyMG0lQzMlQTFxdWluYXMlMjBsYSUyMGJhc2UlMjBkZSUyMGNvbnRyb2xlcyUyMGNvbiUyMGxvcyUyMGVsZW1lbnRvcyUyMGRlJTIwY29udHJvbCUyMGVyZ29uJUMzJUIzbWljYW1lbnRlJTIwYWRhcHRhZG9zJTIwcGFyYSUyMHBlcm1pdGlyJTIwdW5hJTIwb3BlcmFjaSVDMyVCM24lMjBmJUMzJUExY2lsLiUyMiU3RCU1RCU3RCU1RA==\"><span class=\"null\" data-slate-leaf=\"true\" data-sent-id=\"BDavyPodKe\">Las m\u00e1quinas de serie pueden producir todo tipo de paja para beber, paja en espiral, tuber\u00eda m\u00e9dica, todas las m\u00e1quinas la base de controles con los elementos de control ergon\u00f3micamente adaptados para permitir una operaci\u00f3n f\u00e1cil.<\/span><\/span><\/p>\n","protected":false},"featured_media":28757,"comment_status":"closed","ping_status":"closed","template":"","meta":{"_acf_changed":false},"product_brand":[],"product_cat":[80],"product_tag":[],"class_list":{"0":"post-28755","1":"product","2":"type-product","3":"status-publish","4":"has-post-thumbnail","6":"product_cat-maquina-para-fabricar-popotes","8":"first","9":"instock","10":"shipping-taxable","11":"product-type-simple"},"acf":[],"_links":{"self":[{"href":"https:\/\/maquinaparafabricarbolsas.com.pa\/es\/wp-json\/wp\/v2\/product\/28755","targetHints":{"allow":["GET"]}}],"collection":[{"href":"https:\/\/maquinaparafabricarbolsas.com.pa\/es\/wp-json\/wp\/v2\/product"}],"about":[{"href":"https:\/\/maquinaparafabricarbolsas.com.pa\/es\/wp-json\/wp\/v2\/types\/product"}],"replies":[{"embeddable":true,"href":"https:\/\/maquinaparafabricarbolsas.com.pa\/es\/wp-json\/wp\/v2\/comments?post=28755"}],"version-history":[{"count":0,"href":"https:\/\/maquinaparafabricarbolsas.com.pa\/es\/wp-json\/wp\/v2\/product\/28755\/revisions"}],"wp:featuredmedia":[{"embeddable":true,"href":"https:\/\/maquinaparafabricarbolsas.com.pa\/es\/wp-json\/wp\/v2\/media\/28757"}],"wp:attachment":[{"href":"https:\/\/maquinaparafabricarbolsas.com.pa\/es\/wp-json\/wp\/v2\/media?parent=28755"}],"wp:term":[{"taxonomy":"product_brand","embeddable":true,"href":"https:\/\/maquinaparafabricarbolsas.com.pa\/es\/wp-json\/wp\/v2\/product_brand?post=28755"},{"taxonomy":"product_cat","embeddable":true,"href":"https:\/\/maquinaparafabricarbolsas.com.pa\/es\/wp-json\/wp\/v2\/product_cat?post=28755"},{"taxonomy":"product_tag","embeddable":true,"href":"https:\/\/maquinaparafabricarbolsas.com.pa\/es\/wp-json\/wp\/v2\/product_tag?post=28755"}],"curies":[{"name":"wp","href":"https:\/\/api.w.org\/{rel}","templated":true}]}}