{"id":28773,"date":"2025-02-24T13:09:40","date_gmt":"2025-02-24T05:09:40","guid":{"rendered":"https:\/\/maquinaparafabricarbolsas.com.pa\/es\/?post_type=product&#038;p=28773"},"modified":"2025-02-24T13:10:09","modified_gmt":"2025-02-24T05:10:09","slug":"uno-colore-maquina-extrusora-fabricar-popotes-de-plastico","status":"publish","type":"product","link":"https:\/\/maquinaparafabricarbolsas.com.pa\/es\/uno-colore-maquina-extrusora-fabricar-popotes-plastico-gudalajara.html","title":{"rendered":"Uno Colore M\u00e1quina Extrusora Fabricar Popotes De Plastico"},"content":{"rendered":"<p>Uno Colore Maquina Fabricar Canitas De Plastico<br \/>\nEste modelo es una l\u00ednea de extrusi\u00f3n de tubo, compuesta por extrusora y matriz, unidad de enfriamiento y calibraci\u00f3n de vac\u00edo, unidad de arrastre, unidad de corte rotativo. Las m\u00e1quinas de serie pueden producir todo tipo de paja para beber, paja en espiral, tuber\u00eda m\u00e9dica, todas las m\u00e1quinas la base de controles con los elementos de control ergon\u00f3micamente adaptados para permitir una operaci\u00f3n f\u00e1cil.<\/p>\n<p>CARACTER\u00cdSTICA T\u00c9CNICA<br \/>\n1. La matriz de extrusi\u00f3n se puede dise\u00f1ar de manera especial y se puede cambiar f\u00e1cilmente para producir tuber\u00edas y dar forma a las piezas,<br \/>\n2. Ba\u00f1o de agua en acero inoxidable se puede ajustar en tres planos,<br \/>\n3. La unidad de arrastre puede ser correa o rodillos, es personalizable.<br \/>\n4. Equipado con cortador rotativo simple o doble.<\/p>\n<table border=\"0\" cellspacing=\"0\" cellpadding=\"0\">\n<tbody>\n<tr>\n<td>Modelo<\/td>\n<td>KD-11<\/td>\n<\/tr>\n<tr>\n<td>Di\u00e1metro del tornillo<\/td>\n<td>\u03c650mm(diameter)<\/td>\n<\/tr>\n<tr>\n<td>Capacidad<\/td>\n<td>25~35Kg\/h<\/td>\n<\/tr>\n<tr>\n<td>Motor<\/td>\n<td>11kW\u00a0\u00a0\u00a0 380v\u00a0\u00a0\u00a0 50Hz (VFD)<\/td>\n<\/tr>\n<tr>\n<td>Motor de arrastre<\/td>\n<td>0.75kW\u00d71(VFD)<\/td>\n<\/tr>\n<tr>\n<td>\n<div>Motor de corte<\/div>\n<\/td>\n<td>0.75kW\u00d71(VFD)<\/td>\n<\/tr>\n<tr>\n<td>Controlador de temperatura<\/td>\n<td>5zone<\/td>\n<\/tr>\n<tr>\n<td>\n<div>Longitud del contenedor de enfriamiento<\/div>\n<\/td>\n<td>2400mm<\/td>\n<\/tr>\n<tr>\n<td>\n<div>Tama\u00f1o de Canitas<\/div>\n<\/td>\n<td>Di\u00e1metro:\u03c62~14mm;\u00a0 Espesor:0.05~1mm<\/td>\n<\/tr>\n<tr>\n<td colspan=\"2\">Otras especificaciones son personalizables<\/td>\n<\/tr>\n<\/tbody>\n<\/table>\n","protected":false},"excerpt":{"rendered":"<p><span data-slate-node=\"text\"><span class=\"null\" data-slate-leaf=\"true\" data-sent-id=\"eEJjyYlEJV\">Este modelo es una l\u00ednea de extrusi\u00f3n de tubo, compuesta por extrusora y matriz, unidad de enfriamiento y calibraci\u00f3n de vac\u00edo, unidad de arrastre, unidad de corte rotativo. <\/span><\/span><span data-slate-node=\"text\" data-slate-fragment=\"JTVCJTdCJTIydHlwZSUyMiUzQSUyMnBhcmFncmFwaCUyMiUyQyUyMmNoaWxkcmVuJTIyJTNBJTVCJTdCJTIyaWQlMjIlM0ElMjJlRUpqeVlsRUpWJTIyJTJDJTIycGFyYUlkeCUyMiUzQTElMkMlMjJzcmMlMjIlM0ElMjJFc3RlJTIwbW9kZWxvJTIwZXMlMjB1bmElMjBsJUMzJUFEbmVhJTIwZGUlMjBleHRydXNpJUMzJUIzbiUyMGRlJTIwdHVibyUyQyUyMGNvbXB1ZXN0YSUyMHBvciUyMGV4dHJ1c29yYSUyMHklMjBtYXRyaXolMkMlMjB1bmlkYWQlMjBkZSUyMGVuZnJpYW1pZW50byUyMHklMjBjYWxpYnJhY2klQzMlQjNuJTIwZGUlMjB2YWMlQzMlQURvJTJDJTIwdW5pZGFkJTIwZGUlMjBhcnJhc3RyZSUyQyUyMHVuaWRhZCUyMGRlJTIwY29ydGUlMjByb3RhdGl2by4lMjAlMjIlMkMlMjJkc3QlMjIlM0ElMjIlRTglQUYlQTUlRTYlQTglQTElRTUlOUUlOEIlRTYlOTglQUYlRTQlQjglODAlRTclQTclOEQlRTclQUUlQTElRTYlOUQlOTAlRTYlOEMlQTQlRTUlODclQkElRTclOTQlOUYlRTQlQkElQTclRTclQkElQkYlRUYlQkMlOEMlRTclOTQlQjElRTYlOEMlQTQlRTUlODclQkElRTYlOUMlQkElRTUlOTIlOEMlRTYlQTglQTElRTUlODUlQjclRTMlODAlODElRTclOUMlOUYlRTclQTklQkElRTUlODYlQjclRTUlOEQlQjQlRTUlOTIlOEMlRTYlQTAlQTElRTUlODclODYlRTUlOEQlOTUlRTUlODUlODMlRTMlODAlODElRTclODklQjUlRTUlQkMlOTUlRTUlOEQlOTUlRTUlODUlODMlRTMlODAlODElRTYlOTclOEIlRTglQkQlQUMlRTUlODglODclRTUlODklQjIlRTUlOEQlOTUlRTUlODUlODMlRTclQkIlODQlRTYlODglOTAlRTMlODAlODIlMjIlMkMlMjJtZXRhZGF0YSUyMiUzQSUyMiUyMiUyQyUyMm1hdGNoZXMlMjIlM0FudWxsJTJDJTIybWV0YURhdGElMjIlM0ElNUIlNUQlMkMlMjJ0ZXh0JTIyJTNBJTIyRXN0ZSUyMG1vZGVsbyUyMGVzJTIwdW5hJTIwbCVDMyVBRG5lYSUyMGRlJTIwZXh0cnVzaSVDMyVCM24lMjBkZSUyMHR1Ym8lMkMlMjBjb21wdWVzdGElMjBwb3IlMjBleHRydXNvcmElMjB5JTIwbWF0cml6JTJDJTIwdW5pZGFkJTIwZGUlMjBlbmZyaWFtaWVudG8lMjB5JTIwY2FsaWJyYWNpJUMzJUIzbiUyMGRlJTIwdmFjJUMzJUFEbyUyQyUyMHVuaWRhZCUyMGRlJTIwYXJyYXN0cmUlMkMlMjB1bmlkYWQlMjBkZSUyMGNvcnRlJTIwcm90YXRpdm8uJTIwJTIyJTdEJTJDJTdCJTIyaWQlMjIlM0ElMjJCb3dqbG1xNU1CJTIyJTJDJTIycGFyYUlkeCUyMiUzQTElMkMlMjJzcmMlMjIlM0ElMjJMYXMlMjBtJUMzJUExcXVpbmFzJTIwZGUlMjBzZXJpZSUyMHB1ZWRlbiUyMHByb2R1Y2lyJTIwdG9kbyUyMHRpcG8lMjBkZSUyMHBhamElMjBwYXJhJTIwYmViZXIlMkMlMjBwYWphJTIwZW4lMjBlc3BpcmFsJTJDJTIwdHViZXIlQzMlQURhJTIwbSVDMyVBOWRpY2ElMkMlMjB0b2RhcyUyMGxhcyUyMG0lQzMlQTFxdWluYXMlMjBsYSUyMGJhc2UlMjBkZSUyMGNvbnRyb2xlcyUyMGNvbiUyMGxvcyUyMGVsZW1lbnRvcyUyMGRlJTIwY29udHJvbCUyMGVyZ29uJUMzJUIzbWljYW1lbnRlJTIwYWRhcHRhZG9zJTIwcGFyYSUyMHBlcm1pdGlyJTIwdW5hJTIwb3BlcmFjaSVDMyVCM24lMjBmJUMzJUExY2lsLiUyMiUyQyUyMmRzdCUyMiUzQSUyMiVFOCVBRiVBNSVFNyVCMyVCQiVFNSU4OCU5NyVFNiU5QyVCQSVFNSU5OSVBOCVFNSU4RiVBRiVFNCVCQiVBNSVFNyU5NCU5RiVFNCVCQSVBNyVFNSU5MCU4NCVFNyVBNyU4RCVFOSVBNSVBRSVFNiU5NiU5OSVFNSU5MCVCOCVFNyVBRSVBMSVFMyU4MCU4MSVFOCU5RSVCQSVFNiU5NyU4QiVFNSU5MCVCOCVFNyVBRSVBMSVFMyU4MCU4MSVFNSU4QyVCQiVFNyU5NiU5NyVFNyVBRSVBMSVFRiVCQyU4QyVFNiU4OSU4MCVFNiU5QyU4OSVFNiU5QyVCQSVFNSU5OSVBOCVFOSU4MyVCRCVFNiU5OCVBRiVFNiU4RSVBNyVFNSU4OCVCNiVFNyU5QSU4NCVFNSU5RiVCQSVFNyVBMSU4MCVFRiVCQyU4QyVFNiU4RSVBNyVFNSU4OCVCNiVFNSU4NSU4MyVFNCVCQiVCNiVFNyVBQyVBNiVFNSU5MCU4OCVFNCVCQSVCQSVFNCVCRCU5MyVFNSVCNyVBNSVFNyVBOCU4QiVFNSVBRCVBNiVFRiVCQyU4QyVFNiU5OCU5MyVFNCVCQSU4RSVFNiU5MyU4RCVFNCVCRCU5QyVFMyU4MCU4MiUyMiUyQyUyMm1ldGFkYXRhJTIyJTNBJTIyJTIyJTJDJTIybWF0Y2hlcyUyMiUzQW51bGwlMkMlMjJtZXRhRGF0YSUyMiUzQSU1QiU1RCUyQyUyMnRleHQlMjIlM0ElMjJMYXMlMjBtJUMzJUExcXVpbmFzJTIwZGUlMjBzZXJpZSUyMHB1ZWRlbiUyMHByb2R1Y2lyJTIwdG9kbyUyMHRpcG8lMjBkZSUyMHBhamElMjBwYXJhJTIwYmViZXIlMkMlMjBwYWphJTIwZW4lMjBlc3BpcmFsJTJDJTIwdHViZXIlQzMlQURhJTIwbSVDMyVBOWRpY2ElMkMlMjB0b2RhcyUyMGxhcyUyMG0lQzMlQTFxdWluYXMlMjBsYSUyMGJhc2UlMjBkZSUyMGNvbnRyb2xlcyUyMGNvbiUyMGxvcyUyMGVsZW1lbnRvcyUyMGRlJTIwY29udHJvbCUyMGVyZ29uJUMzJUIzbWljYW1lbnRlJTIwYWRhcHRhZG9zJTIwcGFyYSUyMHBlcm1pdGlyJTIwdW5hJTIwb3BlcmFjaSVDMyVCM24lMjBmJUMzJUExY2lsLiUyMiU3RCU1RCU3RCU1RA==\"><span class=\"null\" data-slate-leaf=\"true\" data-sent-id=\"Bowjlmq5MB\">Las m\u00e1quinas de serie pueden producir todo tipo de paja para beber, paja en espiral, tuber\u00eda m\u00e9dica, todas las m\u00e1quinas la base de controles con los elementos de control ergon\u00f3micamente adaptados para permitir una operaci\u00f3n f\u00e1cil.<\/span><\/span><\/p>\n","protected":false},"featured_media":28774,"comment_status":"closed","ping_status":"closed","template":"","meta":{"_acf_changed":false},"product_brand":[],"product_cat":[78],"product_tag":[],"class_list":{"0":"post-28773","1":"product","2":"type-product","3":"status-publish","4":"has-post-thumbnail","6":"product_cat-maquina-fabricar-popotes","8":"first","9":"instock","10":"shipping-taxable","11":"product-type-simple"},"acf":[],"_links":{"self":[{"href":"https:\/\/maquinaparafabricarbolsas.com.pa\/es\/wp-json\/wp\/v2\/product\/28773","targetHints":{"allow":["GET"]}}],"collection":[{"href":"https:\/\/maquinaparafabricarbolsas.com.pa\/es\/wp-json\/wp\/v2\/product"}],"about":[{"href":"https:\/\/maquinaparafabricarbolsas.com.pa\/es\/wp-json\/wp\/v2\/types\/product"}],"replies":[{"embeddable":true,"href":"https:\/\/maquinaparafabricarbolsas.com.pa\/es\/wp-json\/wp\/v2\/comments?post=28773"}],"version-history":[{"count":0,"href":"https:\/\/maquinaparafabricarbolsas.com.pa\/es\/wp-json\/wp\/v2\/product\/28773\/revisions"}],"wp:featuredmedia":[{"embeddable":true,"href":"https:\/\/maquinaparafabricarbolsas.com.pa\/es\/wp-json\/wp\/v2\/media\/28774"}],"wp:attachment":[{"href":"https:\/\/maquinaparafabricarbolsas.com.pa\/es\/wp-json\/wp\/v2\/media?parent=28773"}],"wp:term":[{"taxonomy":"product_brand","embeddable":true,"href":"https:\/\/maquinaparafabricarbolsas.com.pa\/es\/wp-json\/wp\/v2\/product_brand?post=28773"},{"taxonomy":"product_cat","embeddable":true,"href":"https:\/\/maquinaparafabricarbolsas.com.pa\/es\/wp-json\/wp\/v2\/product_cat?post=28773"},{"taxonomy":"product_tag","embeddable":true,"href":"https:\/\/maquinaparafabricarbolsas.com.pa\/es\/wp-json\/wp\/v2\/product_tag?post=28773"}],"curies":[{"name":"wp","href":"https:\/\/api.w.org\/{rel}","templated":true}]}}