{"id":28781,"date":"2025-02-24T13:14:05","date_gmt":"2025-02-24T05:14:05","guid":{"rendered":"https:\/\/maquinaparafabricarbolsas.com.pa\/es\/?post_type=product&#038;p=28781"},"modified":"2025-02-24T13:14:18","modified_gmt":"2025-02-24T05:14:18","slug":"tres-colores-maquina-extrusora-fabricar-popotes-de-plastico","status":"publish","type":"product","link":"https:\/\/maquinaparafabricarbolsas.com.pa\/es\/tres-colores-maquina-fabricar-popotes-polipropileno.html","title":{"rendered":"Tres Colores M\u00e1quina Extrusora Fabricar Popotes De Plastico"},"content":{"rendered":"<p>Este modelo es una l\u00ednea de extrusi\u00f3n de tubo, compuesta por extrusora y matriz, unidad de enfriamiento y calibraci\u00f3n de vac\u00edo, unidad de arrastre, unidad de corte rotativo. Las m\u00e1quinas de serie pueden producir todo tipo de paja para beber, paja en espiral, tuber\u00eda m\u00e9dica, todas las m\u00e1quinas la base de controles con los elementos de control ergon\u00f3micamente adaptados para permitir una operaci\u00f3n f\u00e1cil.<\/p>\n<p>CARACTER\u00cdSTICA T\u00c9CNICA<br \/>\n1. La matriz de extrusi\u00f3n se puede dise\u00f1ar de manera especial y se puede cambiar f\u00e1cilmente para producir tuber\u00edas y dar forma a las piezas,<br \/>\n2. Ba\u00f1o de agua en acero inoxidable se puede ajustar en tres planos,<br \/>\n3. La unidad de arrastre puede ser correa o rodillos, es personalizable.<br \/>\n4. Equipado con cortador rotativo simple o doble.<\/p>\n<table border=\"0\" cellspacing=\"0\" cellpadding=\"0\">\n<tbody>\n<tr>\n<td>Modelo<\/td>\n<td><strong>KD-<\/strong>13 Tres Colores Maquina Fabricar Canitas<\/td>\n<\/tr>\n<tr>\n<td>Di\u00e1metro del tornillo<\/td>\n<td>\u03c650mm(diameter)<\/td>\n<\/tr>\n<tr>\n<td>Tornillo secundario<\/td>\n<td>2\u00d7\u03c625mm<\/td>\n<\/tr>\n<tr>\n<td>Capacidad<\/td>\n<td>25~35Kg\/h<\/td>\n<\/tr>\n<tr>\n<td>Motor<\/td>\n<td>11kW\u00a0\u00a0\u00a0 380v\u00a0\u00a0\u00a0 50Hz (VFD)<\/td>\n<\/tr>\n<tr>\n<td>Motor secundario<\/td>\n<td>0.75kW\u00d72<\/td>\n<\/tr>\n<tr>\n<td>Motor de arrastre<\/td>\n<td><strong>0.75kW\u00d71(VFD)<\/strong><\/td>\n<\/tr>\n<tr>\n<td>Motor de corte<\/td>\n<td><strong>0.75kW\u00d71(VFD)<\/strong><\/td>\n<\/tr>\n<tr>\n<td>Controlador de temperatura<\/td>\n<td>11 zone<\/td>\n<\/tr>\n<tr>\n<td>Longitud del contenedor de enfriamiento<\/td>\n<td>4400mm<\/td>\n<\/tr>\n<tr>\n<td>Tama\u00f1o de Canitas<\/td>\n<td>Di\u00e1metro<strong>:\u03c62~14mm\u00a0\u00a0 <\/strong>Espesor<strong>:0.05~1mm<\/strong><\/td>\n<\/tr>\n<tr>\n<td colspan=\"2\">Otras especificaciones son personalizables<\/td>\n<\/tr>\n<\/tbody>\n<\/table>\n","protected":false},"excerpt":{"rendered":"<p>Este modelo es una l\u00ednea de extrusi\u00f3n de tubo, compuesta por extrusora y matriz, unidad de enfriamiento y calibraci\u00f3n de vac\u00edo, unidad de arrastre, unidad de corte rotativo. Las m\u00e1quinas de serie pueden producir todo tipo de paja para beber, paja en espiral, tuber\u00eda m\u00e9dica, todas las m\u00e1quinas la base de controles con los elementos de control ergon\u00f3micamente adaptados para permitir una operaci\u00f3n f\u00e1cil.<\/p>\n","protected":false},"featured_media":28782,"comment_status":"closed","ping_status":"closed","template":"","meta":{"_acf_changed":false},"product_brand":[],"product_cat":[78],"product_tag":[],"class_list":{"0":"post-28781","1":"product","2":"type-product","3":"status-publish","4":"has-post-thumbnail","6":"product_cat-maquina-fabricar-popotes","8":"first","9":"instock","10":"shipping-taxable","11":"product-type-simple"},"acf":[],"_links":{"self":[{"href":"https:\/\/maquinaparafabricarbolsas.com.pa\/es\/wp-json\/wp\/v2\/product\/28781","targetHints":{"allow":["GET"]}}],"collection":[{"href":"https:\/\/maquinaparafabricarbolsas.com.pa\/es\/wp-json\/wp\/v2\/product"}],"about":[{"href":"https:\/\/maquinaparafabricarbolsas.com.pa\/es\/wp-json\/wp\/v2\/types\/product"}],"replies":[{"embeddable":true,"href":"https:\/\/maquinaparafabricarbolsas.com.pa\/es\/wp-json\/wp\/v2\/comments?post=28781"}],"version-history":[{"count":0,"href":"https:\/\/maquinaparafabricarbolsas.com.pa\/es\/wp-json\/wp\/v2\/product\/28781\/revisions"}],"wp:featuredmedia":[{"embeddable":true,"href":"https:\/\/maquinaparafabricarbolsas.com.pa\/es\/wp-json\/wp\/v2\/media\/28782"}],"wp:attachment":[{"href":"https:\/\/maquinaparafabricarbolsas.com.pa\/es\/wp-json\/wp\/v2\/media?parent=28781"}],"wp:term":[{"taxonomy":"product_brand","embeddable":true,"href":"https:\/\/maquinaparafabricarbolsas.com.pa\/es\/wp-json\/wp\/v2\/product_brand?post=28781"},{"taxonomy":"product_cat","embeddable":true,"href":"https:\/\/maquinaparafabricarbolsas.com.pa\/es\/wp-json\/wp\/v2\/product_cat?post=28781"},{"taxonomy":"product_tag","embeddable":true,"href":"https:\/\/maquinaparafabricarbolsas.com.pa\/es\/wp-json\/wp\/v2\/product_tag?post=28781"}],"curies":[{"name":"wp","href":"https:\/\/api.w.org\/{rel}","templated":true}]}}