{"id":28791,"date":"2025-02-24T13:21:46","date_gmt":"2025-02-24T05:21:46","guid":{"rendered":"https:\/\/maquinaparafabricarbolsas.com.pa\/es\/?post_type=product&#038;p=28791"},"modified":"2025-02-24T13:22:07","modified_gmt":"2025-02-24T05:22:07","slug":"maquina-de-embalaje-popotes-de-plastico-kd31-sellado-de-3-lados","status":"publish","type":"product","link":"https:\/\/maquinaparafabricarbolsas.com.pa\/es\/maquina-de-embalaje-popotes-de-plastico-kd31-sellado-de-3-lados-mexico-puebla.html","title":{"rendered":"M\u00e1quina de Embalaje Popotes De Plastico KD31 sellado de 3 lados"},"content":{"rendered":"<p>M\u00e1quina de Embalaje Canitas De Plastico KD31 sellado de 3 lados<\/p>\n<p>La empaquetadora auto de la paja de beber KD31 es una m\u00e1quina para embalar la sola paja, puede ser papel usado o pel\u00edcula pl\u00e1stica al embalar la paja recta, paja flexible, paja de la cuchara, paja del t\u00e9 de la leche. La m\u00e1quina proporciona una alta tarifa de embalaje, y dos colores capacidad de impresi\u00f3n. No solo hace que su operaci\u00f3n de empaque de paja sea m\u00e1s f\u00e1cil, sino que tambi\u00e9n le proporciona una alta confiabilidad.<br \/>\nCARACTER\u00cdSTICA T\u00c9CNICA:<br \/>\n1. Embalaje, impresi\u00f3n, llenado y embalaje de paja de beber individual, corte a la vez,<br \/>\n2. Dispositivo de impresi\u00f3n a dos colores,<br \/>\n3. Conteo autom\u00e1tico de productos,<br \/>\n4. La velocidad de embalaje se puede ajustar libremente<\/p>\n<p><img fetchpriority=\"high\" decoding=\"async\" class=\"alignnone size-full wp-image-28741\" src=\"https:\/\/maquinaparafabricarbolsas.com.pa\/es\/wp-content\/uploads\/2025\/02\/Maquina-de-Embalaje-Popotes-De-Plastico-sellado-de-3-lados-arandas-Juarez-Chihuahua-Guadalajara-Monterrey-Ecatepec-Puebla-Mexico2.jpg\" alt=\"\" width=\"600\" height=\"466\" \/><\/p>\n<p>Dos Colores de Impresora flexografica<\/p>\n<p><img decoding=\"async\" class=\"alignnone size-full wp-image-28792\" src=\"https:\/\/maquinaparafabricarbolsas.com.pa\/es\/wp-content\/uploads\/2025\/02\/Maquina-de-Embalaje-Popotes-De-Plastico-sellado-de-3-lados-lima-cusco-arequipa-trujillo-quitos-piura-Peru.jpg\" alt=\"\" width=\"600\" srcset=\"https:\/\/maquinaparafabricarbolsas.com.pa\/es\/wp-content\/uploads\/2025\/02\/Maquina-de-Embalaje-Popotes-De-Plastico-sellado-de-3-lados-lima-cusco-arequipa-trujillo-quitos-piura-Peru.jpg 1600w, https:\/\/maquinaparafabricarbolsas.com.pa\/es\/wp-content\/uploads\/2025\/02\/Maquina-de-Embalaje-Popotes-De-Plastico-sellado-de-3-lados-lima-cusco-arequipa-trujillo-quitos-piura-Peru-400x247.jpg 400w, https:\/\/maquinaparafabricarbolsas.com.pa\/es\/wp-content\/uploads\/2025\/02\/Maquina-de-Embalaje-Popotes-De-Plastico-sellado-de-3-lados-lima-cusco-arequipa-trujillo-quitos-piura-Peru-1298x800.jpg 1298w, https:\/\/maquinaparafabricarbolsas.com.pa\/es\/wp-content\/uploads\/2025\/02\/Maquina-de-Embalaje-Popotes-De-Plastico-sellado-de-3-lados-lima-cusco-arequipa-trujillo-quitos-piura-Peru-768x473.jpg 768w, https:\/\/maquinaparafabricarbolsas.com.pa\/es\/wp-content\/uploads\/2025\/02\/Maquina-de-Embalaje-Popotes-De-Plastico-sellado-de-3-lados-lima-cusco-arequipa-trujillo-quitos-piura-Peru-1536x947.jpg 1536w, https:\/\/maquinaparafabricarbolsas.com.pa\/es\/wp-content\/uploads\/2025\/02\/Maquina-de-Embalaje-Popotes-De-Plastico-sellado-de-3-lados-lima-cusco-arequipa-trujillo-quitos-piura-Peru-430x265.jpg 430w, https:\/\/maquinaparafabricarbolsas.com.pa\/es\/wp-content\/uploads\/2025\/02\/Maquina-de-Embalaje-Popotes-De-Plastico-sellado-de-3-lados-lima-cusco-arequipa-trujillo-quitos-piura-Peru-700x431.jpg 700w, https:\/\/maquinaparafabricarbolsas.com.pa\/es\/wp-content\/uploads\/2025\/02\/Maquina-de-Embalaje-Popotes-De-Plastico-sellado-de-3-lados-lima-cusco-arequipa-trujillo-quitos-piura-Peru-150x92.jpg 150w\" sizes=\"(max-width: 1600px) 100vw, 1600px\" \/><\/p>\n","protected":false},"excerpt":{"rendered":"<p>La empaquetadora auto de la paja de beber KD31 es una m\u00e1quina para embalar la sola paja, puede ser papel usado o pel\u00edcula pl\u00e1stica al embalar la paja recta, paja flexible, paja de la cuchara, paja del t\u00e9 de la leche. La m\u00e1quina proporciona una alta tarifa de embalaje, y dos colores capacidad de impresi\u00f3n. No solo hace que su operaci\u00f3n de empaque de paja sea m\u00e1s f\u00e1cil, sino que tambi\u00e9n le proporciona una alta confiabilidad.<\/p>\n","protected":false},"featured_media":28793,"comment_status":"closed","ping_status":"closed","template":"","meta":{"_acf_changed":false},"product_brand":[],"product_cat":[78],"product_tag":[],"class_list":{"0":"post-28791","1":"product","2":"type-product","3":"status-publish","4":"has-post-thumbnail","6":"product_cat-maquina-fabricar-popotes","8":"first","9":"instock","10":"shipping-taxable","11":"product-type-simple"},"acf":[],"_links":{"self":[{"href":"https:\/\/maquinaparafabricarbolsas.com.pa\/es\/wp-json\/wp\/v2\/product\/28791","targetHints":{"allow":["GET"]}}],"collection":[{"href":"https:\/\/maquinaparafabricarbolsas.com.pa\/es\/wp-json\/wp\/v2\/product"}],"about":[{"href":"https:\/\/maquinaparafabricarbolsas.com.pa\/es\/wp-json\/wp\/v2\/types\/product"}],"replies":[{"embeddable":true,"href":"https:\/\/maquinaparafabricarbolsas.com.pa\/es\/wp-json\/wp\/v2\/comments?post=28791"}],"version-history":[{"count":0,"href":"https:\/\/maquinaparafabricarbolsas.com.pa\/es\/wp-json\/wp\/v2\/product\/28791\/revisions"}],"wp:featuredmedia":[{"embeddable":true,"href":"https:\/\/maquinaparafabricarbolsas.com.pa\/es\/wp-json\/wp\/v2\/media\/28793"}],"wp:attachment":[{"href":"https:\/\/maquinaparafabricarbolsas.com.pa\/es\/wp-json\/wp\/v2\/media?parent=28791"}],"wp:term":[{"taxonomy":"product_brand","embeddable":true,"href":"https:\/\/maquinaparafabricarbolsas.com.pa\/es\/wp-json\/wp\/v2\/product_brand?post=28791"},{"taxonomy":"product_cat","embeddable":true,"href":"https:\/\/maquinaparafabricarbolsas.com.pa\/es\/wp-json\/wp\/v2\/product_cat?post=28791"},{"taxonomy":"product_tag","embeddable":true,"href":"https:\/\/maquinaparafabricarbolsas.com.pa\/es\/wp-json\/wp\/v2\/product_tag?post=28791"}],"curies":[{"name":"wp","href":"https:\/\/api.w.org\/{rel}","templated":true}]}}