{"id":28836,"date":"2025-02-24T13:49:13","date_gmt":"2025-02-24T05:49:13","guid":{"rendered":"https:\/\/maquinaparafabricarbolsas.com.pa\/es\/?post_type=product&#038;p=28836"},"modified":"2025-02-24T13:49:28","modified_gmt":"2025-02-24T05:49:28","slug":"extrusora-reciclaje-de-plastico-de-viento-fresco-kd-a-series","status":"publish","type":"product","link":"https:\/\/maquinaparafabricarbolsas.com.pa\/es\/extrusora-reciclaje-de-plastico-de-viento-fresco-mexico-puebla-guadalajara-arandas-monterrey.html","title":{"rendered":"Extrusora Reciclaje de pl\u00e1stico de viento fresco KD-A Series"},"content":{"rendered":"<p><strong>Granulador\u00a0de\u00a0pl\u00e1stico\u00a0reciclado\u00a0de\u00a0corte\u00a0en\u00a0caliente\u00a0SJ-A90, 100, 110, 120<\/strong><br \/>\n<strong>Descripci\u00f3n<\/strong><br \/>\nLa materia prima como los materiales de desperdicio de HDPE y LDPEson molidos por la extrusora,Son enfriados a trav\u00e9s del viento ycortados detalladamente en gr\u00e1nulos, caracterizados por su fina calidad,libres de burbuja y de humedad. El granulador de pl\u00e1stico reciclado decorte en caliente esta equipado con el alimentador a fuerza, cargador demalla r\u00e1pido y el control termal autom\u00e1tico.<br \/>\n<strong>Especificaciones\u00a0t\u00e9cnicas\u00a0del\u00a0granulador\u00a0de\u00a0pl\u00e1stico\u00a0reciclado\u00a0decorte\u00a0en\u00a0caliente<\/strong><\/p>\n<table border=\"0\" cellspacing=\"1\" cellpadding=\"0\">\n<tbody>\n<tr>\n<td><strong>Modelo<\/strong><\/td>\n<td><strong><span data-scayt_word=\"SJ-A90\" data-scaytid=\"152\">SJ-A90<\/span><\/strong><\/td>\n<td><strong>SJ-A100<\/strong><\/td>\n<td><strong>SJ-A110<\/strong><\/td>\n<td><strong>SJ-A120<\/strong><\/td>\n<\/tr>\n<tr>\n<td><span data-scayt_word=\"Tipo\" data-scaytid=\"288\">Tipo<\/span> de <span data-scayt_word=\"di\u00e1metro\" data-scaytid=\"289\">di\u00e1metro<\/span> del <span data-scayt_word=\"tornillo\" data-scaytid=\"290\">tornillo<\/span><\/td>\n<td><span data-scayt_word=\"\u03c690\" data-scaytid=\"292\">\u03c690<\/span><\/td>\n<td><span data-scayt_word=\"\u03c6100\" data-scaytid=\"293\">\u03c6100<\/span><\/td>\n<td><span data-scayt_word=\"\u03c6110\" data-scaytid=\"294\">\u03c6110<\/span><\/td>\n<td><span data-scayt_word=\"\u03c6120\" data-scaytid=\"295\">\u03c6120<\/span><\/td>\n<\/tr>\n<tr>\n<td><span data-scayt_word=\"Di\u00e1metro\" data-scaytid=\"296\">Di\u00e1metro<\/span> mayor de <span data-scayt_word=\"rango\" data-scaytid=\"297\">rango<\/span> del <span data-scayt_word=\"tornillo\" data-scaytid=\"291\">tornillo<\/span> (L\/D)<\/td>\n<td>L\/D 20:1 -22:1<\/td>\n<td>L\/D 20:1 -22:1<\/td>\n<td>L\/D 20:1 -22:1<\/td>\n<td>L\/D 20:1 -22:1<\/td>\n<\/tr>\n<tr>\n<td><span data-scayt_word=\"Velocidad\" data-scaytid=\"277\">Velocidad<\/span> <span data-scayt_word=\"racional\" data-scaytid=\"278\">racional<\/span> del <span data-scayt_word=\"tornillo\" data-scaytid=\"300\">tornillo<\/span><\/td>\n<td><span data-scayt_word=\"10-100r\" data-scaytid=\"189\">10-100r<\/span>\/min<\/td>\n<td><span data-scayt_word=\"10-100r\" data-scaytid=\"190\">10-100r<\/span>\/min<\/td>\n<td><span data-scayt_word=\"10-100r\" data-scaytid=\"191\">10-100r<\/span>\/min<\/td>\n<td><span data-scayt_word=\"10-100r\" data-scaytid=\"192\">10-100r<\/span>\/min<\/td>\n<\/tr>\n<tr>\n<td><span data-scayt_word=\"Potencia\" data-scaytid=\"283\">Potencia<\/span> del motor principal<\/td>\n<td><span data-scayt_word=\"22kw\" data-scaytid=\"193\">22kw<\/span><\/td>\n<td><span data-scayt_word=\"30kw\" data-scaytid=\"194\">30kw<\/span><\/td>\n<td><span data-scayt_word=\"37kw\" data-scaytid=\"195\">37kw<\/span><\/td>\n<td><span data-scayt_word=\"45kw\" data-scaytid=\"196\">45kw<\/span><\/td>\n<\/tr>\n<tr>\n<td><span data-scayt_word=\"Salida\" data-scaytid=\"310\">Salida<\/span><\/td>\n<td><span data-scayt_word=\"68kg\" data-scaytid=\"247\">68kg<\/span> \/h<\/td>\n<td><span data-scayt_word=\"95kg\" data-scaytid=\"248\">95kg<\/span> \/h<\/td>\n<td><span data-scayt_word=\"120kg\" data-scaytid=\"249\">120kg<\/span> \/h<\/td>\n<td><span data-scayt_word=\"135kg\" data-scaytid=\"250\">135kg<\/span> \/h<\/td>\n<\/tr>\n<tr>\n<td>Peso total(kg)<\/td>\n<td><span data-scayt_word=\"2600kg\" data-scaytid=\"251\">2600kg<\/span><\/td>\n<td><span data-scayt_word=\"2800kg\" data-scaytid=\"252\">2800kg<\/span><\/td>\n<td><span data-scayt_word=\"3000kg\" data-scaytid=\"253\">3000kg<\/span><\/td>\n<td><span data-scayt_word=\"3200kg\" data-scaytid=\"254\">3200kg<\/span><\/td>\n<\/tr>\n<tr>\n<td><span data-scayt_word=\"Dimensiones\" data-scaytid=\"319\">Dimensiones<\/span> de la <span data-scayt_word=\"cubierta\" data-scaytid=\"320\">cubierta<\/span> (l*a*a) (mm)<\/td>\n<td>4000*1500*1800<\/td>\n<td>4000*1500*1800<\/td>\n<td>4000*1500*1800<\/td>\n<td>4600*1500*1800<\/td>\n<\/tr>\n<\/tbody>\n<\/table>\n","protected":false},"excerpt":{"rendered":"<p>La materia prima como los materiales de desperdicio de HDPE y LDPEson molidos por la extrusora,Son enfriados a trav\u00e9s del viento ycortados detalladamente en gr\u00e1nulos, caracterizados por su fina calidad,libres de burbuja y de humedad. El granulador de pl\u00e1stico reciclado decorte en caliente esta equipado con el alimentador a fuerza, cargador demalla r\u00e1pido y el control termal autom\u00e1tico.<\/p>\n","protected":false},"featured_media":28837,"comment_status":"closed","ping_status":"closed","template":"","meta":{"_acf_changed":false},"product_brand":[],"product_cat":[75],"product_tag":[],"class_list":{"0":"post-28836","1":"product","2":"type-product","3":"status-publish","4":"has-post-thumbnail","6":"product_cat-extrusora-reciclaje","8":"first","9":"instock","10":"shipping-taxable","11":"product-type-simple"},"acf":[],"_links":{"self":[{"href":"https:\/\/maquinaparafabricarbolsas.com.pa\/es\/wp-json\/wp\/v2\/product\/28836","targetHints":{"allow":["GET"]}}],"collection":[{"href":"https:\/\/maquinaparafabricarbolsas.com.pa\/es\/wp-json\/wp\/v2\/product"}],"about":[{"href":"https:\/\/maquinaparafabricarbolsas.com.pa\/es\/wp-json\/wp\/v2\/types\/product"}],"replies":[{"embeddable":true,"href":"https:\/\/maquinaparafabricarbolsas.com.pa\/es\/wp-json\/wp\/v2\/comments?post=28836"}],"version-history":[{"count":0,"href":"https:\/\/maquinaparafabricarbolsas.com.pa\/es\/wp-json\/wp\/v2\/product\/28836\/revisions"}],"wp:featuredmedia":[{"embeddable":true,"href":"https:\/\/maquinaparafabricarbolsas.com.pa\/es\/wp-json\/wp\/v2\/media\/28837"}],"wp:attachment":[{"href":"https:\/\/maquinaparafabricarbolsas.com.pa\/es\/wp-json\/wp\/v2\/media?parent=28836"}],"wp:term":[{"taxonomy":"product_brand","embeddable":true,"href":"https:\/\/maquinaparafabricarbolsas.com.pa\/es\/wp-json\/wp\/v2\/product_brand?post=28836"},{"taxonomy":"product_cat","embeddable":true,"href":"https:\/\/maquinaparafabricarbolsas.com.pa\/es\/wp-json\/wp\/v2\/product_cat?post=28836"},{"taxonomy":"product_tag","embeddable":true,"href":"https:\/\/maquinaparafabricarbolsas.com.pa\/es\/wp-json\/wp\/v2\/product_tag?post=28836"}],"curies":[{"name":"wp","href":"https:\/\/api.w.org\/{rel}","templated":true}]}}