{"id":28843,"date":"2025-02-24T13:57:14","date_gmt":"2025-02-24T05:57:14","guid":{"rendered":"https:\/\/maquinaparafabricarbolsas.com.pa\/es\/?post_type=product&#038;p=28843"},"modified":"2025-02-28T14:45:23","modified_gmt":"2025-02-28T06:45:23","slug":"molino-granulador-y-triturador-de-plastico","status":"publish","type":"product","link":"https:\/\/maquinaparafabricarbolsas.com.pa\/es\/molino-granulador-y-triturador-de-plastico-mexico-puebla-guadalajara-arandas-monterrey.html","title":{"rendered":"Molino granulador y triturador de pl\u00e1stico"},"content":{"rendered":"<p><strong>Molino granulador y triturador de pl\u00e1stico Modelo 150,100 Series<\/strong><br \/>\n<strong>Descripci\u00f3n<\/strong><br \/>\nEl molino granulador y triturador de pl\u00e1stico utiliza los principios deldise\u00f1o japon\u00e9s, aplica los principios de molienda r\u00e1pida, agitaci\u00f3ncontinua, cuchillas m\u00faltiples con fracciones de calentado y molienda, yelenfriamiento y contraccionesProduce granos de materiales reciclados y\u00e1ngulos de materiales as\u00ed como pel\u00edculas de pl\u00e1stico, filamentos, lazos,piezas, tuber\u00edas de pl\u00e1stico suave, materiales de espumafl\u00f3n ymateriales de degradaci\u00f3n, y los pone es reproducci\u00f3n. Es el m\u00e1sreciente equipo de granulaci\u00f3n para reciclar y reproducir pl\u00e1stico.<br \/>\n<strong>Funciones<\/strong><br \/>\n1. El molino granulador y triturador de pl\u00e1stico reciclado y regenera losmateriales reciclados y las sobras de bits y piezas de varias pel\u00edculasflexibles de pl\u00e1stico, bolsas, filamentos, lazos, y tuber\u00edas como clorurode polietileno, polietileno de alta densidad y polietileno lineal para unadensidad menor,<br \/>\ny los pone en reproducci\u00f3n.<br \/>\n2. Recicla y reproduce las pel\u00edculas pl\u00e1sticas y los \u00e1ngulos de materialesde la molienda y granulaci\u00f3n degradante.<br \/>\n3. Puede moler materiales reciclados de fibra qu\u00edmica, y procesar losfilamentos reciclados que han sido puestos<br \/>\nen reproducciones.<br \/>\n4. El Molino granulador y triturador de pl\u00e1stico se aplica es muchosaspectos. Puede sustituir a la mezcladora o secadora.<br \/>\n<strong>Caracter\u00edsticas<\/strong><br \/>\nA: Moler, mezclar y amancillar pueden ser procesados en un solo paso<br \/>\nB: El molino granulador triturador de pl\u00e1stico utiliza una peque\u00f1a \u00e1reade terreno.<br \/>\nC: Es una estructura simple y es f\u00e1cil de operar.<br \/>\nD: La intersticial de la cuchilla puede ser ajustada a la medidaconveniente del reemplazo<br \/>\nE: El molino granulador y triturador de pl\u00e1stico se caracteriza por unaalta eficiencia en producci\u00f3n y un bajo consumo (1 tonelada deproducci\u00f3n diaria 200 grados de consumo de electricidad).<br \/>\nF: Muele a baja temperatura, no da\u00f1a la estructura molecular de losmateriales b\u00e1sicamente, y no da\u00f1a el rendimiento f\u00edsico.<br \/>\n<strong>Especificaciones t\u00e9cnicas del molino granulador y triturador depl\u00e1stico<\/strong><\/p>\n<table border=\"0\" cellspacing=\"1\" cellpadding=\"0\">\n<tbody>\n<tr>\n<td><strong>Capacidad\u00a0del\u00a0barril<\/strong><\/td>\n<td><strong>150L<\/strong><\/td>\n<td style=\"padding: 0px; margin: 0px; width: 143px;\"><strong>300L<\/strong><\/td>\n<\/tr>\n<tr>\n<td>Capacidad\u00a0de\u00a0salida<\/td>\n<td>60-80kg\/h<\/td>\n<td style=\"padding: 0px; margin: 0px; width: 143px;\">120-160kg\/h<\/td>\n<\/tr>\n<tr>\n<td>Potencia\u00a0del motor principal<\/td>\n<td>18.5kw<\/td>\n<td style=\"padding: 0px; margin: 0px; width: 143px;\">37kw<\/td>\n<\/tr>\n<tr>\n<td>Eje\u00a0principal de la\u00a0cabeza\u00a0rotatoria<\/td>\n<td>660r\/min<\/td>\n<td style=\"padding: 0px; margin: 0px; width: 143px;\">660r\/min<\/td>\n<\/tr>\n<tr>\n<td>Dimensiones\u00a0totales<\/td>\n<td>1500*700*1400mm<\/td>\n<td style=\"padding: 0px; margin: 0px; width: 143px;\">1800*900*1500 mm<\/td>\n<\/tr>\n<\/tbody>\n<\/table>\n","protected":false},"excerpt":{"rendered":"<p>El molino granulador y triturador de pl\u00e1stico utiliza los principios deldise\u00f1o japon\u00e9s, aplica los principios de molienda r\u00e1pida, agitaci\u00f3ncontinua, cuchillas m\u00faltiples con fracciones de calentado y molienda, yelenfriamiento y contraccionesProduce granos de materiales reciclados y\u00e1ngulos de materiales as\u00ed como pel\u00edculas de pl\u00e1stico, filamentos, lazos,piezas, tuber\u00edas de pl\u00e1stico suave, materiales de espumafl\u00f3n ymateriales de degradaci\u00f3n, y los pone es reproducci\u00f3n. Es el m\u00e1sreciente equipo de granulaci\u00f3n para reciclar y reproducir pl\u00e1stico.<\/p>\n","protected":false},"featured_media":28844,"comment_status":"closed","ping_status":"closed","template":"","meta":{"_acf_changed":false},"product_brand":[],"product_cat":[75],"product_tag":[],"class_list":{"0":"post-28843","1":"product","2":"type-product","3":"status-publish","4":"has-post-thumbnail","6":"product_cat-extrusora-reciclaje","8":"first","9":"instock","10":"shipping-taxable","11":"product-type-simple"},"acf":[],"_links":{"self":[{"href":"https:\/\/maquinaparafabricarbolsas.com.pa\/es\/wp-json\/wp\/v2\/product\/28843","targetHints":{"allow":["GET"]}}],"collection":[{"href":"https:\/\/maquinaparafabricarbolsas.com.pa\/es\/wp-json\/wp\/v2\/product"}],"about":[{"href":"https:\/\/maquinaparafabricarbolsas.com.pa\/es\/wp-json\/wp\/v2\/types\/product"}],"replies":[{"embeddable":true,"href":"https:\/\/maquinaparafabricarbolsas.com.pa\/es\/wp-json\/wp\/v2\/comments?post=28843"}],"version-history":[{"count":0,"href":"https:\/\/maquinaparafabricarbolsas.com.pa\/es\/wp-json\/wp\/v2\/product\/28843\/revisions"}],"wp:featuredmedia":[{"embeddable":true,"href":"https:\/\/maquinaparafabricarbolsas.com.pa\/es\/wp-json\/wp\/v2\/media\/28844"}],"wp:attachment":[{"href":"https:\/\/maquinaparafabricarbolsas.com.pa\/es\/wp-json\/wp\/v2\/media?parent=28843"}],"wp:term":[{"taxonomy":"product_brand","embeddable":true,"href":"https:\/\/maquinaparafabricarbolsas.com.pa\/es\/wp-json\/wp\/v2\/product_brand?post=28843"},{"taxonomy":"product_cat","embeddable":true,"href":"https:\/\/maquinaparafabricarbolsas.com.pa\/es\/wp-json\/wp\/v2\/product_cat?post=28843"},{"taxonomy":"product_tag","embeddable":true,"href":"https:\/\/maquinaparafabricarbolsas.com.pa\/es\/wp-json\/wp\/v2\/product_tag?post=28843"}],"curies":[{"name":"wp","href":"https:\/\/api.w.org\/{rel}","templated":true}]}}