{"id":28850,"date":"2025-02-24T14:05:18","date_gmt":"2025-02-24T06:05:18","guid":{"rendered":"https:\/\/maquinaparafabricarbolsas.com.pa\/es\/?post_type=product&#038;p=28850"},"modified":"2025-02-25T11:11:11","modified_gmt":"2025-02-25T03:11:11","slug":"peletizado-reciclaje-de-plastico-kd-b-serie","status":"publish","type":"product","link":"https:\/\/maquinaparafabricarbolsas.com.pa\/es\/extrusora-reciclaje-de-plastico-mexico-puebla-guadalajara-arandas-monterrey.html","title":{"rendered":"Peletizado Reciclaje De Pl\u00e1stico KD-B Serie"},"content":{"rendered":"<p>La m\u00e1quina de Peletizado de pl\u00e1stico es adecuada para la regeneraci\u00f3n y granulaci\u00f3n de desechos pl\u00e1sticos, como HDPE, LDPE y PP, etc. Est\u00e1 equipada con una unidad de reemplazo r\u00e1pido de filtro y pantalla operada por motor y control autom\u00e1tico de temperatura. La trituradora granuladora utiliza un motor de velocidad ajustable, que realiza el granulado con una m\u00e1quina extrusora a la misma velocidad de descarga de manera sincronizada. La unidad es f\u00e1cil de operar, con un alto rendimiento, un rendimiento constante y un beneficio econ\u00f3mico favorable.<\/p>\n<p>Main Technical Variables:<\/p>\n<table border=\"0\" cellspacing=\"1\" cellpadding=\"0\">\n<tbody>\n<tr>\n<td>\n<div><strong>Model<\/strong><\/div>\n<\/td>\n<td>\n<div><strong><span data-scayt_word=\"KD-B\" data-scaytid=\"5\">KD-B<\/span><span class=\"Apple-converted-space\">\u00a0<\/span>90<\/strong><\/div>\n<\/td>\n<td>\n<div><strong><span data-scayt_word=\"KD-B\" data-scaytid=\"6\">KD-B<\/span><span class=\"Apple-converted-space\">\u00a0<\/span>100<\/strong><\/div>\n<\/td>\n<td>\n<div><strong><span data-scayt_word=\"KD-B110\" data-scaytid=\"7\">KD-B110<\/span><\/strong><\/div>\n<\/td>\n<td>\n<div><strong><span data-scayt_word=\"KD-B120\" data-scaytid=\"8\">KD-B120<\/span><\/strong><\/div>\n<\/td>\n<\/tr>\n<tr>\n<td>\n<div>Diameter of Screw<\/div>\n<\/td>\n<td>\n<div><span data-scayt_word=\"90mm\" data-scaytid=\"9\">90mm<\/span><\/div>\n<\/td>\n<td>\n<div>100 mm<\/div>\n<\/td>\n<td>\n<div>110 mm<\/div>\n<\/td>\n<td>\n<div>120 mm<\/div>\n<\/td>\n<\/tr>\n<tr>\n<td>\n<div>Major Diameter Ratio of Screw L\/D<\/div>\n<\/td>\n<td>\n<div>20:1 -22:1<\/div>\n<\/td>\n<td>\n<div>20:1 -22:1<\/div>\n<\/td>\n<td>\n<div>20:1 -22:1<\/div>\n<\/td>\n<td>\n<div>20:1 -22:1<\/div>\n<\/td>\n<\/tr>\n<tr>\n<td>\n<div>Rational Speed of Screw<\/div>\n<\/td>\n<td>\n<div><span data-scayt_word=\"10-100r\" data-scaytid=\"10\">10-100r<\/span>\/min<\/div>\n<\/td>\n<td>\n<div><span data-scayt_word=\"10-100r\" data-scaytid=\"11\">10-100r<\/span>\/min<\/div>\n<\/td>\n<td>\n<div><span data-scayt_word=\"10-100r\" data-scaytid=\"12\">10-100r<\/span>\/min<\/div>\n<\/td>\n<td>\n<div><span data-scayt_word=\"10-100r\" data-scaytid=\"13\">10-100r<\/span>\/min<\/div>\n<\/td>\n<\/tr>\n<tr>\n<td>\n<div>Main Motor Power<\/div>\n<\/td>\n<td>\n<div><span data-scayt_word=\"22kw\" data-scaytid=\"14\">22kw<\/span><\/div>\n<\/td>\n<td>\n<div><span data-scayt_word=\"30kw\" data-scaytid=\"15\">30kw<\/span><\/div>\n<\/td>\n<td>\n<div><span data-scayt_word=\"37kw\" data-scaytid=\"16\">37kw<\/span><\/div>\n<\/td>\n<td>\n<div><span data-scayt_word=\"45kw\" data-scaytid=\"17\">45kw<\/span><\/div>\n<\/td>\n<\/tr>\n<tr>\n<td>\n<div>Output<\/div>\n<\/td>\n<td>\n<div><span data-scayt_word=\"68kg\" data-scaytid=\"18\">68kg<\/span>\/h<\/div>\n<\/td>\n<td>\n<div><span data-scayt_word=\"95kg\" data-scaytid=\"19\">95kg<\/span>\/h<\/div>\n<\/td>\n<td>\n<div><span data-scayt_word=\"120kg\" data-scaytid=\"20\">120kg<\/span>\/h<\/div>\n<\/td>\n<td>\n<div><span data-scayt_word=\"135kg\" data-scaytid=\"21\">135kg<\/span>\/h<\/div>\n<\/td>\n<\/tr>\n<tr>\n<td>\n<div>Weight of overall(kg)<\/div>\n<\/td>\n<td>\n<div><span data-scayt_word=\"2000kg\" data-scaytid=\"22\">2000kg<\/span><\/div>\n<\/td>\n<td>\n<div><span data-scayt_word=\"2100kg\" data-scaytid=\"23\">2100kg<\/span><\/div>\n<\/td>\n<td>\n<div><span data-scayt_word=\"2200kg\" data-scaytid=\"24\">2200kg<\/span><\/div>\n<\/td>\n<td>\n<div><span data-scayt_word=\"2500kg\" data-scaytid=\"25\">2500kg<\/span><\/div>\n<\/td>\n<\/tr>\n<tr>\n<td>\n<div>Cover dimensions (m)<\/div>\n<\/td>\n<td>\n<div>8*1.2*1.8<\/div>\n<\/td>\n<td>\n<div>8.2*1.6*1.8<\/div>\n<\/td>\n<td>\n<div>8.5*1.6*1.8<\/div>\n<\/td>\n<td>\n<div>8.8*1.6*1.8<\/div>\n<\/td>\n<\/tr>\n<\/tbody>\n<\/table>\n","protected":false},"excerpt":{"rendered":"<p>La m\u00e1quina de Peleti<\/p>\n","protected":false},"featured_media":28851,"comment_status":"closed","ping_status":"closed","template":"","meta":{"_acf_changed":false},"product_brand":[],"product_cat":[75],"product_tag":[],"class_list":{"0":"post-28850","1":"product","2":"type-product","3":"status-publish","4":"has-post-thumbnail","6":"product_cat-extrusora-reciclaje","8":"first","9":"instock","10":"shipping-taxable","11":"product-type-simple"},"acf":[],"_links":{"self":[{"href":"https:\/\/maquinaparafabricarbolsas.com.pa\/es\/wp-json\/wp\/v2\/product\/28850","targetHints":{"allow":["GET"]}}],"collection":[{"href":"https:\/\/maquinaparafabricarbolsas.com.pa\/es\/wp-json\/wp\/v2\/product"}],"about":[{"href":"https:\/\/maquinaparafabricarbolsas.com.pa\/es\/wp-json\/wp\/v2\/types\/product"}],"replies":[{"embeddable":true,"href":"https:\/\/maquinaparafabricarbolsas.com.pa\/es\/wp-json\/wp\/v2\/comments?post=28850"}],"version-history":[{"count":0,"href":"https:\/\/maquinaparafabricarbolsas.com.pa\/es\/wp-json\/wp\/v2\/product\/28850\/revisions"}],"wp:featuredmedia":[{"embeddable":true,"href":"https:\/\/maquinaparafabricarbolsas.com.pa\/es\/wp-json\/wp\/v2\/media\/28851"}],"wp:attachment":[{"href":"https:\/\/maquinaparafabricarbolsas.com.pa\/es\/wp-json\/wp\/v2\/media?parent=28850"}],"wp:term":[{"taxonomy":"product_brand","embeddable":true,"href":"https:\/\/maquinaparafabricarbolsas.com.pa\/es\/wp-json\/wp\/v2\/product_brand?post=28850"},{"taxonomy":"product_cat","embeddable":true,"href":"https:\/\/maquinaparafabricarbolsas.com.pa\/es\/wp-json\/wp\/v2\/product_cat?post=28850"},{"taxonomy":"product_tag","embeddable":true,"href":"https:\/\/maquinaparafabricarbolsas.com.pa\/es\/wp-json\/wp\/v2\/product_tag?post=28850"}],"curies":[{"name":"wp","href":"https:\/\/api.w.org\/{rel}","templated":true}]}}